{"id":10968,"date":"2025-04-23T07:46:56","date_gmt":"2025-04-23T05:46:56","guid":{"rendered":"https:\/\/kipi.pl\/?page_id=10968"},"modified":"2025-06-25T11:52:12","modified_gmt":"2025-06-25T09:52:12","slug":"instrukcje-regulatory","status":"publish","type":"page","link":"https:\/\/kipi.pl\/en\/instrukcje-regulatory\/","title":{"rendered":"Instrukcje"},"content":{"rendered":"<div data-elementor-type=\"wp-page\" data-elementor-id=\"10968\" class=\"elementor elementor-10968\" data-elementor-post-type=\"page\">\n\t\t\t\t\t\t<section class=\"elementor-section elementor-top-section elementor-element elementor-element-a75e7ab elementor-section-full_width elementor-section-height-default elementor-section-height-default\" data-id=\"a75e7ab\" data-element_type=\"section\" data-settings=\"{&quot;jet_parallax_layout_list&quot;:[]}\">\n\t\t\t\t\t\t<div class=\"elementor-container elementor-column-gap-default\">\n\t\t\t\t\t<div class=\"elementor-column elementor-col-50 elementor-top-column elementor-element elementor-element-4fabeba\" data-id=\"4fabeba\" data-element_type=\"column\">\n\t\t\t<div class=\"elementor-widget-wrap elementor-element-populated\">\n\t\t\t\t\t\t<div class=\"elementor-element elementor-element-59ca01e elementor-widget elementor-widget-video\" data-id=\"59ca01e\" data-element_type=\"widget\" data-settings=\"{&quot;youtube_url&quot;:&quot;https:\\\/\\\/www.youtube.com\\\/watch?v=cfqtJvA5Kl8&amp;feature=youtu.be&quot;,&quot;video_type&quot;:&quot;youtube&quot;,&quot;controls&quot;:&quot;yes&quot;}\" data-widget_type=\"video.default\">\n\t\t\t\t<div class=\"elementor-widget-container\">\n\t\t\t\t\t\t\t<div class=\"elementor-wrapper elementor-open-inline\">\n\t\t\t<div class=\"elementor-video\"><\/div>\t\t<\/div>\n\t\t\t\t\t\t<\/div>\n\t\t\t\t<\/div>\n\t\t\t\t\t<\/div>\n\t\t<\/div>\n\t\t\t\t<div class=\"elementor-column elementor-col-50 elementor-top-column elementor-element elementor-element-48228eb\" data-id=\"48228eb\" data-element_type=\"column\">\n\t\t\t<div class=\"elementor-widget-wrap elementor-element-populated\">\n\t\t\t\t\t\t<div class=\"elementor-element elementor-element-53a4293 elementor-widget elementor-widget-heading\" data-id=\"53a4293\" data-element_type=\"widget\" data-widget_type=\"heading.default\">\n\t\t\t\t<div class=\"elementor-widget-container\">\n\t\t\t\t\t<h2 class=\"elementor-heading-title elementor-size-default\">Changing the language in EcoMax Touch controllers<\/h2>\t\t\t\t<\/div>\n\t\t\t\t<\/div>\n\t\t\t\t<div class=\"elementor-element elementor-element-b65618a elementor-widget elementor-widget-html\" data-id=\"b65618a\" data-element_type=\"widget\" data-widget_type=\"html.default\">\n\t\t\t\t<div class=\"elementor-widget-container\">\n\t\t\t\t\t<div class=\"hover-reveal_images-wrapper\">\r\n  <div class=\"column-inner\">\r\n    <div class=\"wrapper\">\r\n      <div class=\"text_column content_element small-title\">\r\n        <div class=\"wrapper\">\r\n                  <\/div>\r\n      <\/div>\r\n\r\n      <div class=\"image-texts\">\r\n        <div class=\"text_row hover-reveal_text\" data-image=\"https:\/\/kipi.pl\/wp-content\/uploads\/2025\/06\/Regulator-piekarniczy-ECOMAX850-touch-i-Regulator-kotlowy-ecomax-850-C4-kaskadowy.png\">\r\n          <p>850 TOUCH<\/p>\r\n        <\/div>\r\n\r\n        <div class=\"text_row hover-reveal_text\" data-image=\"https:\/\/kipi.pl\/wp-content\/uploads\/2025\/06\/Regulator-kotlowy-ecoMAX-860-T4.png\">\r\n          <p>860 T4<\/p>\r\n        <\/div>\r\n\r\n        <div class=\"text_row hover-reveal_text\" data-image=\"https:\/\/kipi.pl\/wp-content\/uploads\/2025\/06\/Regulator-kotlowy-ecomax-920-CH-1.png\">\r\n          <p>920 CH<\/p>\r\n        <\/div>\r\n\r\n        <div class=\"text_row hover-reveal_text\" data-image=\"https:\/\/kipi.pl\/wp-content\/uploads\/2025\/06\/Regulator-kotlowy-ecoMAX920-Touch-1.png\">\r\n          <p>920 Touch<\/p>\r\n        <\/div>\r\n\r\n        <div class=\"text_row hover-reveal_text\" data-image=\"https:\/\/kipi.pl\/wp-content\/uploads\/2025\/06\/Regulator-kotlowy-ecoMAX920-Touch-T4S-1.png\">\r\n          <p>920 Touch T4S<\/p>\r\n        <\/div>\r\n      <\/div>\r\n\r\n      <div class=\"img-wrap\">\r\n        <div class=\"inner\">\r\n          <div class=\"hover-wrap\">\r\n            <div class=\"hover-wrap-inner\">\r\n              <img decoding=\"async\" class=\"hover-reveal_image\" src=\"\" alt=\"hover image\" \/>\r\n            <\/div>\r\n          <\/div>\r\n        <\/div>\r\n      <\/div>\r\n\r\n    <\/div>\r\n  <\/div>\r\n<\/div>\r\n<script>\r\ndocument.addEventListener('DOMContentLoaded', () => {\r\n  const container = document.querySelector('.hover-reveal_images-wrapper');\r\n  if (!container) return;\r\n\r\n  const hoverWrap = container.querySelector('.hover-wrap');\r\n  const hoverImage = hoverWrap.querySelector('.hover-reveal_image');\r\n\r\n  container.querySelectorAll('.hover-reveal_text').forEach(el => {\r\n    el.addEventListener('mouseenter', () => {\r\n      const imgSrc = el.getAttribute('data-image');\r\n      if (imgSrc) {\r\n        hoverImage.src = imgSrc;\r\n        hoverWrap.classList.add('animate');\r\n      }\r\n    });\r\n\r\n    el.addEventListener('mouseleave', () => {\r\n      hoverWrap.classList.remove('animate');\r\n      hoverImage.src = '';\r\n    });\r\n\r\n    el.addEventListener('mousemove', (e) => {\r\n      const offsetX = 20;  \/\/ przesuni\u0119cie w prawo od kursora\r\n      const offsetY = 40;  \/\/ przesuni\u0119cie w d\u00f3\u0142 od kursora\r\n\r\n      const wrapRect = hoverWrap.getBoundingClientRect();\r\n      const windowWidth = window.innerWidth;\r\n      const windowHeight = window.innerHeight;\r\n\r\n      \/\/ Domy\u015blna pozycja obrazu: po prawej i poni\u017cej kursora\r\n      let posX = e.clientX + offsetX;\r\n      let posY = e.clientY + offsetY;\r\n\r\n      \/\/ Je\u015bli obraz wyjdzie poza praw\u0105 kraw\u0119d\u017a okna, przesuwamy go na lewo od kursora\r\n      if (posX + wrapRect.width > windowWidth) {\r\n        posX = e.clientX - wrapRect.width - offsetX;\r\n      }\r\n\r\n      \/\/ Je\u015bli obraz wyjdzie poza doln\u0105 kraw\u0119d\u017a okna, ustawiamy go maksymalnie blisko do\u0142u, ale staramy si\u0119, \u017ceby by\u0142 poni\u017cej kursora\r\n      if (posY + wrapRect.height > windowHeight) {\r\n        posY = windowHeight - wrapRect.height - 10; \/\/ 10px margines od do\u0142u\r\n        if (posY < e.clientY) {\r\n          \/\/ Je\u015bli mimo to obraz jest nad kursorem (przy bardzo ma\u0142ym oknie), ustawiamy go poni\u017cej kursora\r\n          posY = e.clientY + offsetY;\r\n        }\r\n      }\r\n\r\n      hoverWrap.style.left = posX + 'px';\r\n      hoverWrap.style.top = posY + 'px';\r\n    });\r\n  });\r\n});\r\n\r\n<\/script>\r\n\r\n\t\t\t\t<\/div>\n\t\t\t\t<\/div>\n\t\t\t\t\t<\/div>\n\t\t<\/div>\n\t\t\t\t\t<\/div>\n\t\t<\/section>\n\t\t\t\t<section class=\"elementor-section elementor-top-section elementor-element elementor-element-cf970c4 elementor-section-full_width elementor-section-height-default elementor-section-height-default\" data-id=\"cf970c4\" data-element_type=\"section\" data-settings=\"{&quot;jet_parallax_layout_list&quot;:[]}\">\n\t\t\t\t\t\t<div class=\"elementor-container elementor-column-gap-default\">\n\t\t\t\t\t<div class=\"elementor-column elementor-col-50 elementor-top-column elementor-element elementor-element-8120a5e\" data-id=\"8120a5e\" data-element_type=\"column\">\n\t\t\t<div class=\"elementor-widget-wrap elementor-element-populated\">\n\t\t\t\t\t\t<div class=\"elementor-element elementor-element-275a90d elementor-widget elementor-widget-video\" data-id=\"275a90d\" data-element_type=\"widget\" data-settings=\"{&quot;youtube_url&quot;:&quot;https:\\\/\\\/www.youtube.com\\\/watch?v=5-gGy5hnxnw&amp;feature=youtu.be&quot;,&quot;video_type&quot;:&quot;youtube&quot;,&quot;controls&quot;:&quot;yes&quot;}\" data-widget_type=\"video.default\">\n\t\t\t\t<div class=\"elementor-widget-container\">\n\t\t\t\t\t\t\t<div class=\"elementor-wrapper elementor-open-inline\">\n\t\t\t<div class=\"elementor-video\"><\/div>\t\t<\/div>\n\t\t\t\t\t\t<\/div>\n\t\t\t\t<\/div>\n\t\t\t\t\t<\/div>\n\t\t<\/div>\n\t\t\t\t<div class=\"elementor-column elementor-col-50 elementor-top-column elementor-element elementor-element-a51b220\" data-id=\"a51b220\" data-element_type=\"column\">\n\t\t\t<div class=\"elementor-widget-wrap elementor-element-populated\">\n\t\t\t\t\t\t<div class=\"elementor-element elementor-element-de4bfab elementor-widget elementor-widget-heading\" data-id=\"de4bfab\" data-element_type=\"widget\" data-widget_type=\"heading.default\">\n\t\t\t\t<div class=\"elementor-widget-container\">\n\t\t\t\t\t<h2 class=\"elementor-heading-title elementor-size-default\">Changing the language in EcosterMax controllers<\/h2>\t\t\t\t<\/div>\n\t\t\t\t<\/div>\n\t\t\t\t<div class=\"elementor-element elementor-element-440355e elementor-widget elementor-widget-html\" data-id=\"440355e\" data-element_type=\"widget\" data-widget_type=\"html.default\">\n\t\t\t\t<div class=\"elementor-widget-container\">\n\t\t\t\t\t<div class=\"hover-reveal_images-wrapper\">\r\n  <div class=\"column-inner\">\r\n    <div class=\"wrapper\">\r\n      <div class=\"text_column content_element small-title\">\r\n        <div class=\"wrapper\">\r\n          <!-- Tu mo\u017cesz doda\u0107 tytu\u0142 sekcji je\u015bli chcesz -->\r\n        <\/div>\r\n      <\/div>\r\n\r\n      <div class=\"image-texts\">\r\n  \r\n\r\n        <div class=\"text_row hover-reveal_text\" data-image=\"https:\/\/kipi.pl\/wp-content\/uploads\/2025\/06\/Regulator-kotlowy-ecoMAX360-1.png\">\r\n          <p>360<\/p>\r\n        <\/div>\r\n\r\n        <div class=\"text_row hover-reveal_text\" data-image=\"https:\/\/kipi.pl\/wp-content\/uploads\/2025\/06\/Panel-regulatora-ecoMAX361-ST4S-i-Regulator-kotlowy-ECOMAX-362.png\">\r\n          <p>361 ST4S<\/p>\r\n        <\/div>\r\n\r\n        <div class=\"text_row hover-reveal_text\" data-image=\"https:\/\/kipi.pl\/wp-content\/uploads\/2025\/06\/Panel-regulatora-ecoMAX361-ST4S-i-Regulator-kotlowy-ECOMAX-362.png\">\r\n          <p>362<\/p>\r\n        <\/div>\r\n\r\n        <div class=\"text_row hover-reveal_text\" data-image=\"https:\/\/kipi.pl\/wp-content\/uploads\/2025\/06\/Regulator-kotlowy-ecoMAX860-ST4.png\">\r\n          <p>860 ST4<\/p>\r\n        <\/div>\r\n\r\n        <div class=\"text_row hover-reveal_text\" data-image=\"https:\/\/kipi.pl\/wp-content\/uploads\/2025\/06\/Regulator-kotlowy-ecoMAX920-ST4S-1.png\">\r\n          <p>920 ST4S<\/p>\r\n        <\/div>\r\n      <\/div>\r\n\r\n      <div class=\"img-wrap\">\r\n        <div class=\"inner\">\r\n          <div class=\"hover-wrap\">\r\n            <div class=\"hover-wrap-inner\">\r\n              <img decoding=\"async\" class=\"hover-reveal_image\" src=\"\" alt=\"hover image\" \/>\r\n            <\/div>\r\n          <\/div>\r\n        <\/div>\r\n      <\/div>\r\n\r\n    <\/div>\r\n  <\/div>\r\n<\/div>\r\n<script>\r\ndocument.addEventListener('DOMContentLoaded', () => {\r\n  const containers = document.querySelectorAll('.hover-reveal_images-wrapper');\r\n  if (!containers.length) return;\r\n\r\n  containers.forEach(container => {\r\n    const hoverWrap = container.querySelector('.hover-wrap');\r\n    const hoverImage = hoverWrap.querySelector('.hover-reveal_image');\r\n\r\n    container.querySelectorAll('.hover-reveal_text').forEach(el => {\r\n      el.addEventListener('mouseenter', () => {\r\n        const imgSrc = el.getAttribute('data-image');\r\n        if (imgSrc) {\r\n          hoverImage.src = imgSrc;\r\n          hoverWrap.classList.add('animate');\r\n        }\r\n      });\r\n\r\n      el.addEventListener('mouseleave', () => {\r\n        hoverWrap.classList.remove('animate');\r\n        hoverImage.src = '';\r\n      });\r\n\r\n      el.addEventListener('mousemove', (e) => {\r\n        const offsetX = 20;  \/\/ przesuni\u0119cie w prawo od kursora\r\n        const offsetY = 40;  \/\/ przesuni\u0119cie w d\u00f3\u0142 od kursora\r\n\r\n        const wrapRect = hoverWrap.getBoundingClientRect();\r\n        const windowWidth = window.innerWidth;\r\n        const windowHeight = window.innerHeight;\r\n\r\n        let posX = e.clientX + offsetX;\r\n        let posY = e.clientY + offsetY;\r\n\r\n        if (posX + wrapRect.width > windowWidth) {\r\n          posX = e.clientX - wrapRect.width - offsetX;\r\n        }\r\n\r\n        if (posY + wrapRect.height > windowHeight) {\r\n          posY = windowHeight - wrapRect.height - 10;\r\n          if (posY < e.clientY) {\r\n            posY = e.clientY + offsetY;\r\n          }\r\n        }\r\n\r\n        hoverWrap.style.left = posX + 'px';\r\n        hoverWrap.style.top = posY + 'px';\r\n      });\r\n    });\r\n  });\r\n});\r\n<\/script>\r\n\r\n\t\t\t\t<\/div>\n\t\t\t\t<\/div>\n\t\t\t\t\t<\/div>\n\t\t<\/div>\n\t\t\t\t\t<\/div>\n\t\t<\/section>\n\t\t\t\t<section class=\"elementor-section elementor-top-section elementor-element elementor-element-bf0e56b elementor-section-full_width elementor-section-height-default elementor-section-height-default\" data-id=\"bf0e56b\" data-element_type=\"section\" data-settings=\"{&quot;jet_parallax_layout_list&quot;:[]}\">\n\t\t\t\t\t\t<div class=\"elementor-container elementor-column-gap-default\">\n\t\t\t\t\t<div class=\"elementor-column elementor-col-50 elementor-top-column elementor-element elementor-element-dc1eec7\" data-id=\"dc1eec7\" data-element_type=\"column\">\n\t\t\t<div class=\"elementor-widget-wrap elementor-element-populated\">\n\t\t\t\t\t\t<div class=\"elementor-element elementor-element-a5a2eb8 elementor-widget elementor-widget-video\" data-id=\"a5a2eb8\" data-element_type=\"widget\" data-settings=\"{&quot;youtube_url&quot;:&quot;https:\\\/\\\/www.youtube.com\\\/watch?v=r9bnXEYkgYE&quot;,&quot;video_type&quot;:&quot;youtube&quot;,&quot;controls&quot;:&quot;yes&quot;}\" data-widget_type=\"video.default\">\n\t\t\t\t<div class=\"elementor-widget-container\">\n\t\t\t\t\t\t\t<div class=\"elementor-wrapper elementor-open-inline\">\n\t\t\t<div class=\"elementor-video\"><\/div>\t\t<\/div>\n\t\t\t\t\t\t<\/div>\n\t\t\t\t<\/div>\n\t\t\t\t\t<\/div>\n\t\t<\/div>\n\t\t\t\t<div class=\"elementor-column elementor-col-50 elementor-top-column elementor-element elementor-element-390eca8\" data-id=\"390eca8\" data-element_type=\"column\">\n\t\t\t<div class=\"elementor-widget-wrap elementor-element-populated\">\n\t\t\t\t\t\t<div class=\"elementor-element elementor-element-a931b26 elementor-widget elementor-widget-heading\" data-id=\"a931b26\" data-element_type=\"widget\" data-widget_type=\"heading.default\">\n\t\t\t\t<div class=\"elementor-widget-container\">\n\t\t\t\t\t<h2 class=\"elementor-heading-title elementor-size-default\">Changing the language in EcoMax<br> graphic controllers with a rotary knob<\/h2>\t\t\t\t<\/div>\n\t\t\t\t<\/div>\n\t\t\t\t<div class=\"elementor-element elementor-element-bc5fd2a elementor-widget elementor-widget-html\" data-id=\"bc5fd2a\" data-element_type=\"widget\" data-widget_type=\"html.default\">\n\t\t\t\t<div class=\"elementor-widget-container\">\n\t\t\t\t\t<div class=\"hover-reveal_images-wrapper\">\r\n  <div class=\"column-inner\">\r\n    <div class=\"wrapper\">\r\n      <div class=\"text_column content_element small-title\">\r\n        <div class=\"wrapper\">\r\n          <!-- Mo\u017cesz tu doda\u0107 tytu\u0142 sekcji, je\u015bli chcesz -->\r\n        <\/div>\r\n      <\/div>\r\n\r\n      <div class=\"image-texts\">\r\n        <div class=\"text_row hover-reveal_text\" data-image=\"https:\/\/kipi.pl\/wp-content\/uploads\/2025\/06\/Regulator-piekarniczy-ECOMAX850-pokretlo-i-Regulator-kotlowy-ecomax-850.png\">\r\n          <p>850<\/p>\r\n        <\/div>\r\n\r\n        <div class=\"text_row hover-reveal_text\" data-image=\"https:\/\/kipi.pl\/wp-content\/uploads\/2025\/06\/Regulator-kotlowy-ecoMAX920-1.png\">\r\n          <p>920<\/p>\r\n        <\/div>\r\n      <\/div>\r\n\r\n      <div class=\"img-wrap\">\r\n        <div class=\"inner\">\r\n          <div class=\"hover-wrap\">\r\n            <div class=\"hover-wrap-inner\">\r\n              <img decoding=\"async\" class=\"hover-reveal_image\" src=\"\" alt=\"hover image\" \/>\r\n            <\/div>\r\n          <\/div>\r\n        <\/div>\r\n      <\/div>\r\n\r\n    <\/div>\r\n  <\/div>\r\n<\/div>\r\n\r\n<script>\r\ndocument.addEventListener('DOMContentLoaded', () => {\r\n  const containers = document.querySelectorAll('.hover-reveal_images-wrapper');\r\n  if (!containers.length) return;\r\n\r\n  containers.forEach(container => {\r\n    const hoverWrap = container.querySelector('.hover-wrap');\r\n    const hoverImage = hoverWrap.querySelector('.hover-reveal_image');\r\n\r\n    container.querySelectorAll('.hover-reveal_text').forEach(el => {\r\n      el.addEventListener('mouseenter', () => {\r\n        const imgSrc = el.getAttribute('data-image');\r\n        if (imgSrc) {\r\n          hoverImage.src = imgSrc;\r\n          hoverWrap.classList.add('animate');\r\n        }\r\n      });\r\n\r\n      el.addEventListener('mouseleave', () => {\r\n        hoverWrap.classList.remove('animate');\r\n        hoverImage.src = '';\r\n      });\r\n\r\n      el.addEventListener('mousemove', (e) => {\r\n        const offsetX = 20;  \/\/ przesuni\u0119cie w prawo od kursora\r\n        const offsetY = 40;  \/\/ przesuni\u0119cie w d\u00f3\u0142 od kursora\r\n\r\n        const wrapRect = hoverWrap.getBoundingClientRect();\r\n        const windowWidth = window.innerWidth;\r\n        const windowHeight = window.innerHeight;\r\n\r\n        let posX = e.clientX + offsetX;\r\n        let posY = e.clientY + offsetY;\r\n\r\n        if (posX + wrapRect.width > windowWidth) {\r\n          posX = e.clientX - wrapRect.width - offsetX;\r\n        }\r\n\r\n        if (posY + wrapRect.height > windowHeight) {\r\n          posY = windowHeight - wrapRect.height - 10;\r\n          if (posY < e.clientY) {\r\n            posY = e.clientY + offsetY;\r\n          }\r\n        }\r\n\r\n        hoverWrap.style.left = posX + 'px';\r\n        hoverWrap.style.top = posY + 'px';\r\n      });\r\n    });\r\n  });\r\n});\r\n<\/script>\r\n\r\n\t\t\t\t<\/div>\n\t\t\t\t<\/div>\n\t\t\t\t\t<\/div>\n\t\t<\/div>\n\t\t\t\t\t<\/div>\n\t\t<\/section>\n\t\t\t\t<section class=\"elementor-section elementor-top-section elementor-element elementor-element-141a5d8 elementor-section-boxed elementor-section-height-default elementor-section-height-default\" data-id=\"141a5d8\" data-element_type=\"section\" data-settings=\"{&quot;jet_parallax_layout_list&quot;:[]}\">\n\t\t\t\t\t\t<div class=\"elementor-container elementor-column-gap-default\">\n\t\t\t\t\t<div class=\"elementor-column elementor-col-100 elementor-top-column elementor-element elementor-element-f675446\" data-id=\"f675446\" data-element_type=\"column\">\n\t\t\t<div class=\"elementor-widget-wrap\">\n\t\t\t\t\t\t\t<\/div>\n\t\t<\/div>\n\t\t\t\t\t<\/div>\n\t\t<\/section>\n\t\t\t\t<\/div>","protected":false},"excerpt":{"rendered":"<p>Zmiana j\u0119zyka w sterownikach EcoMax Touch 850 TOUCH 860 T4 920 CH 920 Touch 920 Touch T4S Zmiana j\u0119zyka w sterownikach EcosterMax 360 361 ST4S 362 860 ST4 920 ST4S Zmiana j\u0119zyka w sterownikach EcoMax graficzny z pokr\u0119t\u0142em 850 920<\/p>","protected":false},"author":4,"featured_media":0,"parent":0,"menu_order":0,"comment_status":"closed","ping_status":"closed","template":"","meta":{"_acf_changed":false,"footnotes":""},"class_list":["post-10968","page","type-page","status-publish","hentry"],"acf":[],"yoast_head":"<!-- This site is optimized with the Yoast SEO plugin v25.5 - https:\/\/yoast.com\/wordpress\/plugins\/seo\/ -->\n<title>Instrukcje - KIPI<\/title>\n<meta name=\"robots\" content=\"noindex, nofollow\" \/>\n<meta property=\"og:locale\" content=\"en_GB\" \/>\n<meta property=\"og:type\" content=\"article\" \/>\n<meta property=\"og:title\" content=\"Instrukcje - KIPI\" \/>\n<meta property=\"og:description\" content=\"Zmiana j\u0119zyka w sterownikach EcoMax Touch 850 TOUCH 860 T4 920 CH 920 Touch 920 Touch T4S Zmiana j\u0119zyka w sterownikach EcosterMax 360 361 ST4S 362 860 ST4 920 ST4S Zmiana j\u0119zyka w sterownikach EcoMax graficzny z pokr\u0119t\u0142em 850 920\" \/>\n<meta property=\"og:url\" content=\"https:\/\/kipi.pl\/en\/instrukcje-regulatory\/\" \/>\n<meta property=\"og:site_name\" content=\"KIPI\" \/>\n<meta property=\"article:modified_time\" content=\"2025-06-25T09:52:12+00:00\" \/>\n<meta name=\"twitter:card\" content=\"summary_large_image\" \/>\n<meta name=\"twitter:label1\" content=\"Estimated reading time\" \/>\n\t<meta name=\"twitter:data1\" content=\"1 minute\" \/>\n<script type=\"application\/ld+json\" class=\"yoast-schema-graph\">{\"@context\":\"https:\/\/schema.org\",\"@graph\":[{\"@type\":\"WebPage\",\"@id\":\"https:\/\/kipi.pl\/instrukcje-regulatory\/\",\"url\":\"https:\/\/kipi.pl\/instrukcje-regulatory\/\",\"name\":\"Instrukcje - KIPI\",\"isPartOf\":{\"@id\":\"https:\/\/kipi.pl\/#website\"},\"datePublished\":\"2025-04-23T05:46:56+00:00\",\"dateModified\":\"2025-06-25T09:52:12+00:00\",\"breadcrumb\":{\"@id\":\"https:\/\/kipi.pl\/instrukcje-regulatory\/#breadcrumb\"},\"inLanguage\":\"en-GB\",\"potentialAction\":[{\"@type\":\"ReadAction\",\"target\":[\"https:\/\/kipi.pl\/instrukcje-regulatory\/\"]}]},{\"@type\":\"BreadcrumbList\",\"@id\":\"https:\/\/kipi.pl\/instrukcje-regulatory\/#breadcrumb\",\"itemListElement\":[{\"@type\":\"ListItem\",\"position\":1,\"name\":\"Strona g\u0142\u00f3wna\",\"item\":\"https:\/\/kipi.pl\/\"},{\"@type\":\"ListItem\",\"position\":2,\"name\":\"Instrukcje\"}]},{\"@type\":\"WebSite\",\"@id\":\"https:\/\/kipi.pl\/#website\",\"url\":\"https:\/\/kipi.pl\/\",\"name\":\"KIPI\",\"description\":\"Tworzymy innowacyjne palniki na pellet dla ciep\u0142a i komfortu w Twoim domu.\",\"publisher\":{\"@id\":\"https:\/\/kipi.pl\/#organization\"},\"potentialAction\":[{\"@type\":\"SearchAction\",\"target\":{\"@type\":\"EntryPoint\",\"urlTemplate\":\"https:\/\/kipi.pl\/?s={search_term_string}\"},\"query-input\":{\"@type\":\"PropertyValueSpecification\",\"valueRequired\":true,\"valueName\":\"search_term_string\"}}],\"inLanguage\":\"en-GB\"},{\"@type\":\"Organization\",\"@id\":\"https:\/\/kipi.pl\/#organization\",\"name\":\"KIPI\",\"url\":\"https:\/\/kipi.pl\/\",\"logo\":{\"@type\":\"ImageObject\",\"inLanguage\":\"en-GB\",\"@id\":\"https:\/\/kipi.pl\/#\/schema\/logo\/image\/\",\"url\":\"https:\/\/kipi.pl\/wp-content\/uploads\/2020\/02\/logo-kipi-2020-1.png\",\"contentUrl\":\"https:\/\/kipi.pl\/wp-content\/uploads\/2020\/02\/logo-kipi-2020-1.png\",\"width\":300,\"height\":64,\"caption\":\"KIPI\"},\"image\":{\"@id\":\"https:\/\/kipi.pl\/#\/schema\/logo\/image\/\"}}]}<\/script>\n<!-- \/ Yoast SEO plugin. -->","yoast_head_json":{"title":"Instrukcje - KIPI","robots":{"index":"noindex","follow":"nofollow"},"og_locale":"en_GB","og_type":"article","og_title":"Instrukcje - KIPI","og_description":"Zmiana j\u0119zyka w sterownikach EcoMax Touch 850 TOUCH 860 T4 920 CH 920 Touch 920 Touch T4S Zmiana j\u0119zyka w sterownikach EcosterMax 360 361 ST4S 362 860 ST4 920 ST4S Zmiana j\u0119zyka w sterownikach EcoMax graficzny z pokr\u0119t\u0142em 850 920","og_url":"https:\/\/kipi.pl\/en\/instrukcje-regulatory\/","og_site_name":"KIPI","article_modified_time":"2025-06-25T09:52:12+00:00","twitter_card":"summary_large_image","twitter_misc":{"Estimated reading time":"1 minute"},"schema":{"@context":"https:\/\/schema.org","@graph":[{"@type":"WebPage","@id":"https:\/\/kipi.pl\/instrukcje-regulatory\/","url":"https:\/\/kipi.pl\/instrukcje-regulatory\/","name":"Instrukcje - KIPI","isPartOf":{"@id":"https:\/\/kipi.pl\/#website"},"datePublished":"2025-04-23T05:46:56+00:00","dateModified":"2025-06-25T09:52:12+00:00","breadcrumb":{"@id":"https:\/\/kipi.pl\/instrukcje-regulatory\/#breadcrumb"},"inLanguage":"en-GB","potentialAction":[{"@type":"ReadAction","target":["https:\/\/kipi.pl\/instrukcje-regulatory\/"]}]},{"@type":"BreadcrumbList","@id":"https:\/\/kipi.pl\/instrukcje-regulatory\/#breadcrumb","itemListElement":[{"@type":"ListItem","position":1,"name":"Strona g\u0142\u00f3wna","item":"https:\/\/kipi.pl\/"},{"@type":"ListItem","position":2,"name":"Instrukcje"}]},{"@type":"WebSite","@id":"https:\/\/kipi.pl\/#website","url":"https:\/\/kipi.pl\/","name":"KIPI","description":"Tworzymy innowacyjne palniki na pellet dla ciep\u0142a i komfortu w Twoim domu.","publisher":{"@id":"https:\/\/kipi.pl\/#organization"},"potentialAction":[{"@type":"SearchAction","target":{"@type":"EntryPoint","urlTemplate":"https:\/\/kipi.pl\/?s={search_term_string}"},"query-input":{"@type":"PropertyValueSpecification","valueRequired":true,"valueName":"search_term_string"}}],"inLanguage":"en-GB"},{"@type":"Organization","@id":"https:\/\/kipi.pl\/#organization","name":"KIPI","url":"https:\/\/kipi.pl\/","logo":{"@type":"ImageObject","inLanguage":"en-GB","@id":"https:\/\/kipi.pl\/#\/schema\/logo\/image\/","url":"https:\/\/kipi.pl\/wp-content\/uploads\/2020\/02\/logo-kipi-2020-1.png","contentUrl":"https:\/\/kipi.pl\/wp-content\/uploads\/2020\/02\/logo-kipi-2020-1.png","width":300,"height":64,"caption":"KIPI"},"image":{"@id":"https:\/\/kipi.pl\/#\/schema\/logo\/image\/"}}]}},"_links":{"self":[{"href":"https:\/\/kipi.pl\/en\/wp-json\/wp\/v2\/pages\/10968","targetHints":{"allow":["GET"]}}],"collection":[{"href":"https:\/\/kipi.pl\/en\/wp-json\/wp\/v2\/pages"}],"about":[{"href":"https:\/\/kipi.pl\/en\/wp-json\/wp\/v2\/types\/page"}],"author":[{"embeddable":true,"href":"https:\/\/kipi.pl\/en\/wp-json\/wp\/v2\/users\/4"}],"replies":[{"embeddable":true,"href":"https:\/\/kipi.pl\/en\/wp-json\/wp\/v2\/comments?post=10968"}],"version-history":[{"count":0,"href":"https:\/\/kipi.pl\/en\/wp-json\/wp\/v2\/pages\/10968\/revisions"}],"wp:attachment":[{"href":"https:\/\/kipi.pl\/en\/wp-json\/wp\/v2\/media?parent=10968"}],"curies":[{"name":"wp","href":"https:\/\/api.w.org\/{rel}","templated":true}]}}