{"id":11603,"date":"2026-03-03T08:13:42","date_gmt":"2026-03-03T07:13:42","guid":{"rendered":"https:\/\/kipi.pl\/?page_id=11603"},"modified":"2026-03-10T14:56:56","modified_gmt":"2026-03-10T13:56:56","slug":"targi-pracy","status":"publish","type":"page","link":"https:\/\/kipi.pl\/en\/targi-pracy\/","title":{"rendered":"Targi pracy"},"content":{"rendered":"<div data-elementor-type=\"wp-page\" data-elementor-id=\"11603\" class=\"elementor elementor-11603\" data-elementor-post-type=\"page\">\n\t\t\t\t<div class=\"elementor-element elementor-element-8eb9168 e-flex e-con-boxed e-con e-parent\" data-id=\"8eb9168\" data-element_type=\"container\" data-settings=\"{&quot;jet_parallax_layout_list&quot;:[]}\">\n\t\t\t\t\t<div class=\"e-con-inner\">\n\t\t\t\t<div class=\"elementor-element elementor-element-fc66a79 elementor-widget elementor-widget-heading\" data-id=\"fc66a79\" data-element_type=\"widget\" data-widget_type=\"heading.default\">\n\t\t\t\t<div class=\"elementor-widget-container\">\n\t\t\t\t\t<h2 class=\"elementor-heading-title elementor-size-default\">Pracujmy razem!<\/h2>\t\t\t\t<\/div>\n\t\t\t\t<\/div>\n\t\t\t\t<div class=\"elementor-element elementor-element-2c660c7 elementor-widget__width-initial elementor-widget elementor-widget-text-editor\" data-id=\"2c660c7\" data-element_type=\"widget\" data-widget_type=\"text-editor.default\">\n\t\t\t\t<div class=\"elementor-widget-container\">\n\t\t\t\t\t\t\t\t\t<p>Cze\u015b\u0107, cieszymy si\u0119, \u017ce odwiedzi\u0142e\u015b nasze stoisko na targach pracy. Nasz firmowy b\u00f3br ch\u0119tnie powita Ci\u0119 w swojej za\u0142odze! Kliknij poni\u017cszy obrazek i dowiedzie\u0107 si\u0119 wi\u0119cej o mo\u017cliwo\u015bciach sta\u017cu lub praktyk<\/p>\t\t\t\t\t\t\t\t<\/div>\n\t\t\t\t<\/div>\n\t\t\t\t\t<\/div>\n\t\t\t\t<\/div>\n\t\t<div class=\"elementor-element elementor-element-a9e8ed3 e-flex e-con-boxed e-con e-parent\" data-id=\"a9e8ed3\" data-element_type=\"container\" data-settings=\"{&quot;jet_parallax_layout_list&quot;:[]}\">\n\t\t\t\t\t<div class=\"e-con-inner\">\n\t\t\t\t<div class=\"elementor-element elementor-element-a36b350 e-transform elementor-widget elementor-widget-image\" data-id=\"a36b350\" data-element_type=\"widget\" data-settings=\"{&quot;_transform_scale_effect_hover&quot;:{&quot;unit&quot;:&quot;px&quot;,&quot;size&quot;:1.1,&quot;sizes&quot;:[]},&quot;_transform_scale_effect_hover_tablet&quot;:{&quot;unit&quot;:&quot;px&quot;,&quot;size&quot;:&quot;&quot;,&quot;sizes&quot;:[]},&quot;_transform_scale_effect_hover_mobile&quot;:{&quot;unit&quot;:&quot;px&quot;,&quot;size&quot;:&quot;&quot;,&quot;sizes&quot;:[]}}\" data-widget_type=\"image.default\">\n\t\t\t\t<div class=\"elementor-widget-container\">\n\t\t\t\t\t\t\t\t\t\t\t\t\t\t\t\t<a href=\"https:\/\/form.erecruiter.pl\/form\/6c6090b32bd84c6f977e668a822f31fa\">\n\t\t\t\t\t\t\t<img fetchpriority=\"high\" decoding=\"async\" width=\"800\" height=\"641\" src=\"https:\/\/kipi.pl\/wp-content\/uploads\/2026\/03\/Obszar-roboczy-5-kopia@0.5x-1024x821.png\" class=\"attachment-large size-large wp-image-11623\" alt=\"\" srcset=\"https:\/\/kipi.pl\/wp-content\/uploads\/2026\/03\/Obszar-roboczy-5-kopia@0.5x-1024x821.png 1024w, https:\/\/kipi.pl\/wp-content\/uploads\/2026\/03\/Obszar-roboczy-5-kopia@0.5x-300x240.png 300w, https:\/\/kipi.pl\/wp-content\/uploads\/2026\/03\/Obszar-roboczy-5-kopia@0.5x-768x615.png 768w, https:\/\/kipi.pl\/wp-content\/uploads\/2026\/03\/Obszar-roboczy-5-kopia@0.5x-15x12.png 15w, https:\/\/kipi.pl\/wp-content\/uploads\/2026\/03\/Obszar-roboczy-5-kopia@0.5x.png 1415w\" sizes=\"(max-width: 800px) 100vw, 800px\" \/>\t\t\t\t\t\t\t\t<\/a>\n\t\t\t\t\t\t\t\t\t\t\t\t\t\t\t<\/div>\n\t\t\t\t<\/div>\n\t\t\t\t\t<\/div>\n\t\t\t\t<\/div>\n\t\t\t\t<\/div>","protected":false},"excerpt":{"rendered":"<p>Pracujmy razem! Cze\u015b\u0107, cieszymy si\u0119, \u017ce odwiedzi\u0142e\u015b nasze stoisko na targach pracy. Nasz firmowy b\u00f3br ch\u0119tnie powita Ci\u0119 w swojej za\u0142odze! Kliknij poni\u017cszy obrazek i dowiedzie\u0107 si\u0119 wi\u0119cej o mo\u017cliwo\u015bciach sta\u017cu lub praktyk<\/p>","protected":false},"author":4,"featured_media":0,"parent":0,"menu_order":0,"comment_status":"closed","ping_status":"closed","template":"","meta":{"_acf_changed":false,"footnotes":""},"class_list":["post-11603","page","type-page","status-publish","hentry"],"acf":[],"yoast_head":"<!-- This site is optimized with the Yoast SEO plugin v25.5 - https:\/\/yoast.com\/wordpress\/plugins\/seo\/ -->\n<title>Targi pracy - KIPI<\/title>\n<meta name=\"robots\" content=\"index, follow, max-snippet:-1, max-image-preview:large, max-video-preview:-1\" \/>\n<link rel=\"canonical\" href=\"https:\/\/kipi.pl\/en\/targi-pracy\/\" \/>\n<meta property=\"og:locale\" content=\"en_GB\" \/>\n<meta property=\"og:type\" content=\"article\" \/>\n<meta property=\"og:title\" content=\"Targi pracy - KIPI\" \/>\n<meta property=\"og:description\" content=\"Pracujmy razem! Cze\u015b\u0107, cieszymy si\u0119, \u017ce odwiedzi\u0142e\u015b nasze stoisko na targach pracy. Nasz firmowy b\u00f3br ch\u0119tnie powita Ci\u0119 w swojej za\u0142odze! Kliknij poni\u017cszy obrazek i dowiedzie\u0107 si\u0119 wi\u0119cej o mo\u017cliwo\u015bciach sta\u017cu lub praktyk\" \/>\n<meta property=\"og:url\" content=\"https:\/\/kipi.pl\/en\/targi-pracy\/\" \/>\n<meta property=\"og:site_name\" content=\"KIPI\" \/>\n<meta property=\"article:modified_time\" content=\"2026-03-10T13:56:56+00:00\" \/>\n<meta property=\"og:image\" content=\"https:\/\/kipi.pl\/wp-content\/uploads\/2026\/03\/Obszar-roboczy-5-kopia@0.5x.png\" \/>\n\t<meta property=\"og:image:width\" content=\"1415\" \/>\n\t<meta property=\"og:image:height\" content=\"1134\" \/>\n\t<meta property=\"og:image:type\" content=\"image\/png\" \/>\n<meta name=\"twitter:card\" content=\"summary_large_image\" \/>\n<meta name=\"twitter:label1\" content=\"Estimated reading time\" \/>\n\t<meta name=\"twitter:data1\" content=\"1 minute\" \/>\n<script type=\"application\/ld+json\" class=\"yoast-schema-graph\">{\"@context\":\"https:\/\/schema.org\",\"@graph\":[{\"@type\":\"WebPage\",\"@id\":\"https:\/\/kipi.pl\/targi-pracy\/\",\"url\":\"https:\/\/kipi.pl\/targi-pracy\/\",\"name\":\"Targi pracy - KIPI\",\"isPartOf\":{\"@id\":\"https:\/\/kipi.pl\/#website\"},\"primaryImageOfPage\":{\"@id\":\"https:\/\/kipi.pl\/targi-pracy\/#primaryimage\"},\"image\":{\"@id\":\"https:\/\/kipi.pl\/targi-pracy\/#primaryimage\"},\"thumbnailUrl\":\"https:\/\/kipi.pl\/wp-content\/uploads\/2026\/03\/Obszar-roboczy-5-kopia@0.5x-1024x821.png\",\"datePublished\":\"2026-03-03T07:13:42+00:00\",\"dateModified\":\"2026-03-10T13:56:56+00:00\",\"breadcrumb\":{\"@id\":\"https:\/\/kipi.pl\/targi-pracy\/#breadcrumb\"},\"inLanguage\":\"en-GB\",\"potentialAction\":[{\"@type\":\"ReadAction\",\"target\":[\"https:\/\/kipi.pl\/targi-pracy\/\"]}]},{\"@type\":\"ImageObject\",\"inLanguage\":\"en-GB\",\"@id\":\"https:\/\/kipi.pl\/targi-pracy\/#primaryimage\",\"url\":\"https:\/\/kipi.pl\/wp-content\/uploads\/2026\/03\/Obszar-roboczy-5-kopia@0.5x-1024x821.png\",\"contentUrl\":\"https:\/\/kipi.pl\/wp-content\/uploads\/2026\/03\/Obszar-roboczy-5-kopia@0.5x-1024x821.png\"},{\"@type\":\"BreadcrumbList\",\"@id\":\"https:\/\/kipi.pl\/targi-pracy\/#breadcrumb\",\"itemListElement\":[{\"@type\":\"ListItem\",\"position\":1,\"name\":\"Strona g\u0142\u00f3wna\",\"item\":\"https:\/\/kipi.pl\/\"},{\"@type\":\"ListItem\",\"position\":2,\"name\":\"Targi pracy\"}]},{\"@type\":\"WebSite\",\"@id\":\"https:\/\/kipi.pl\/#website\",\"url\":\"https:\/\/kipi.pl\/\",\"name\":\"KIPI\",\"description\":\"Tworzymy innowacyjne palniki na pellet dla ciep\u0142a i komfortu w Twoim domu.\",\"publisher\":{\"@id\":\"https:\/\/kipi.pl\/#organization\"},\"potentialAction\":[{\"@type\":\"SearchAction\",\"target\":{\"@type\":\"EntryPoint\",\"urlTemplate\":\"https:\/\/kipi.pl\/?s={search_term_string}\"},\"query-input\":{\"@type\":\"PropertyValueSpecification\",\"valueRequired\":true,\"valueName\":\"search_term_string\"}}],\"inLanguage\":\"en-GB\"},{\"@type\":\"Organization\",\"@id\":\"https:\/\/kipi.pl\/#organization\",\"name\":\"KIPI\",\"url\":\"https:\/\/kipi.pl\/\",\"logo\":{\"@type\":\"ImageObject\",\"inLanguage\":\"en-GB\",\"@id\":\"https:\/\/kipi.pl\/#\/schema\/logo\/image\/\",\"url\":\"https:\/\/kipi.pl\/wp-content\/uploads\/2020\/02\/logo-kipi-2020-1.png\",\"contentUrl\":\"https:\/\/kipi.pl\/wp-content\/uploads\/2020\/02\/logo-kipi-2020-1.png\",\"width\":300,\"height\":64,\"caption\":\"KIPI\"},\"image\":{\"@id\":\"https:\/\/kipi.pl\/#\/schema\/logo\/image\/\"}}]}<\/script>\n<!-- \/ Yoast SEO plugin. -->","yoast_head_json":{"title":"Targi pracy - KIPI","robots":{"index":"index","follow":"follow","max-snippet":"max-snippet:-1","max-image-preview":"max-image-preview:large","max-video-preview":"max-video-preview:-1"},"canonical":"https:\/\/kipi.pl\/en\/targi-pracy\/","og_locale":"en_GB","og_type":"article","og_title":"Targi pracy - KIPI","og_description":"Pracujmy razem! Cze\u015b\u0107, cieszymy si\u0119, \u017ce odwiedzi\u0142e\u015b nasze stoisko na targach pracy. Nasz firmowy b\u00f3br ch\u0119tnie powita Ci\u0119 w swojej za\u0142odze! Kliknij poni\u017cszy obrazek i dowiedzie\u0107 si\u0119 wi\u0119cej o mo\u017cliwo\u015bciach sta\u017cu lub praktyk","og_url":"https:\/\/kipi.pl\/en\/targi-pracy\/","og_site_name":"KIPI","article_modified_time":"2026-03-10T13:56:56+00:00","og_image":[{"width":1415,"height":1134,"url":"https:\/\/kipi.pl\/wp-content\/uploads\/2026\/03\/Obszar-roboczy-5-kopia@0.5x.png","type":"image\/png"}],"twitter_card":"summary_large_image","twitter_misc":{"Estimated reading time":"1 minute"},"schema":{"@context":"https:\/\/schema.org","@graph":[{"@type":"WebPage","@id":"https:\/\/kipi.pl\/targi-pracy\/","url":"https:\/\/kipi.pl\/targi-pracy\/","name":"Targi pracy - KIPI","isPartOf":{"@id":"https:\/\/kipi.pl\/#website"},"primaryImageOfPage":{"@id":"https:\/\/kipi.pl\/targi-pracy\/#primaryimage"},"image":{"@id":"https:\/\/kipi.pl\/targi-pracy\/#primaryimage"},"thumbnailUrl":"https:\/\/kipi.pl\/wp-content\/uploads\/2026\/03\/Obszar-roboczy-5-kopia@0.5x-1024x821.png","datePublished":"2026-03-03T07:13:42+00:00","dateModified":"2026-03-10T13:56:56+00:00","breadcrumb":{"@id":"https:\/\/kipi.pl\/targi-pracy\/#breadcrumb"},"inLanguage":"en-GB","potentialAction":[{"@type":"ReadAction","target":["https:\/\/kipi.pl\/targi-pracy\/"]}]},{"@type":"ImageObject","inLanguage":"en-GB","@id":"https:\/\/kipi.pl\/targi-pracy\/#primaryimage","url":"https:\/\/kipi.pl\/wp-content\/uploads\/2026\/03\/Obszar-roboczy-5-kopia@0.5x-1024x821.png","contentUrl":"https:\/\/kipi.pl\/wp-content\/uploads\/2026\/03\/Obszar-roboczy-5-kopia@0.5x-1024x821.png"},{"@type":"BreadcrumbList","@id":"https:\/\/kipi.pl\/targi-pracy\/#breadcrumb","itemListElement":[{"@type":"ListItem","position":1,"name":"Strona g\u0142\u00f3wna","item":"https:\/\/kipi.pl\/"},{"@type":"ListItem","position":2,"name":"Targi pracy"}]},{"@type":"WebSite","@id":"https:\/\/kipi.pl\/#website","url":"https:\/\/kipi.pl\/","name":"KIPI","description":"Tworzymy innowacyjne palniki na pellet dla ciep\u0142a i komfortu w Twoim domu.","publisher":{"@id":"https:\/\/kipi.pl\/#organization"},"potentialAction":[{"@type":"SearchAction","target":{"@type":"EntryPoint","urlTemplate":"https:\/\/kipi.pl\/?s={search_term_string}"},"query-input":{"@type":"PropertyValueSpecification","valueRequired":true,"valueName":"search_term_string"}}],"inLanguage":"en-GB"},{"@type":"Organization","@id":"https:\/\/kipi.pl\/#organization","name":"KIPI","url":"https:\/\/kipi.pl\/","logo":{"@type":"ImageObject","inLanguage":"en-GB","@id":"https:\/\/kipi.pl\/#\/schema\/logo\/image\/","url":"https:\/\/kipi.pl\/wp-content\/uploads\/2020\/02\/logo-kipi-2020-1.png","contentUrl":"https:\/\/kipi.pl\/wp-content\/uploads\/2020\/02\/logo-kipi-2020-1.png","width":300,"height":64,"caption":"KIPI"},"image":{"@id":"https:\/\/kipi.pl\/#\/schema\/logo\/image\/"}}]}},"_links":{"self":[{"href":"https:\/\/kipi.pl\/en\/wp-json\/wp\/v2\/pages\/11603","targetHints":{"allow":["GET"]}}],"collection":[{"href":"https:\/\/kipi.pl\/en\/wp-json\/wp\/v2\/pages"}],"about":[{"href":"https:\/\/kipi.pl\/en\/wp-json\/wp\/v2\/types\/page"}],"author":[{"embeddable":true,"href":"https:\/\/kipi.pl\/en\/wp-json\/wp\/v2\/users\/4"}],"replies":[{"embeddable":true,"href":"https:\/\/kipi.pl\/en\/wp-json\/wp\/v2\/comments?post=11603"}],"version-history":[{"count":0,"href":"https:\/\/kipi.pl\/en\/wp-json\/wp\/v2\/pages\/11603\/revisions"}],"wp:attachment":[{"href":"https:\/\/kipi.pl\/en\/wp-json\/wp\/v2\/media?parent=11603"}],"curies":[{"name":"wp","href":"https:\/\/api.w.org\/{rel}","templated":true}]}}