{"id":21,"date":"2020-01-15T14:32:03","date_gmt":"2020-01-15T13:32:03","guid":{"rendered":"https:\/\/kipi.t44.pl\/?page_id=21"},"modified":"2024-09-03T13:13:34","modified_gmt":"2024-09-03T11:13:34","slug":"gdzie-kupic","status":"publish","type":"page","link":"https:\/\/kipi.pl\/en\/gdzie-kupic\/","title":{"rendered":"Find us"},"content":{"rendered":"<div data-elementor-type=\"wp-page\" data-elementor-id=\"21\" class=\"elementor elementor-21\" data-elementor-post-type=\"page\">\n\t\t\t\t\t\t<section class=\"elementor-section elementor-top-section elementor-element elementor-element-f8b2f60 elementor-section-full_width elementor-section-height-default elementor-section-height-default elementor-invisible\" data-id=\"f8b2f60\" data-element_type=\"section\" data-settings=\"{&quot;jet_parallax_layout_list&quot;:[{&quot;jet_parallax_layout_image&quot;:{&quot;url&quot;:&quot;&quot;,&quot;id&quot;:&quot;&quot;,&quot;size&quot;:&quot;&quot;},&quot;_id&quot;:&quot;34ba73b&quot;,&quot;jet_parallax_layout_image_tablet&quot;:{&quot;url&quot;:&quot;&quot;,&quot;id&quot;:&quot;&quot;,&quot;size&quot;:&quot;&quot;},&quot;jet_parallax_layout_image_mobile&quot;:{&quot;url&quot;:&quot;&quot;,&quot;id&quot;:&quot;&quot;,&quot;size&quot;:&quot;&quot;},&quot;jet_parallax_layout_speed&quot;:{&quot;unit&quot;:&quot;%&quot;,&quot;size&quot;:50,&quot;sizes&quot;:[]},&quot;jet_parallax_layout_type&quot;:&quot;scroll&quot;,&quot;jet_parallax_layout_direction&quot;:&quot;1&quot;,&quot;jet_parallax_layout_fx_direction&quot;:null,&quot;jet_parallax_layout_z_index&quot;:&quot;&quot;,&quot;jet_parallax_layout_bg_x&quot;:50,&quot;jet_parallax_layout_bg_x_tablet&quot;:&quot;&quot;,&quot;jet_parallax_layout_bg_x_mobile&quot;:&quot;&quot;,&quot;jet_parallax_layout_bg_y&quot;:50,&quot;jet_parallax_layout_bg_y_tablet&quot;:&quot;&quot;,&quot;jet_parallax_layout_bg_y_mobile&quot;:&quot;&quot;,&quot;jet_parallax_layout_bg_size&quot;:&quot;auto&quot;,&quot;jet_parallax_layout_bg_size_tablet&quot;:&quot;&quot;,&quot;jet_parallax_layout_bg_size_mobile&quot;:&quot;&quot;,&quot;jet_parallax_layout_animation_prop&quot;:&quot;transform&quot;,&quot;jet_parallax_layout_on&quot;:[&quot;desktop&quot;,&quot;tablet&quot;]}],&quot;background_background&quot;:&quot;gradient&quot;,&quot;animation&quot;:&quot;fadeInLeft&quot;}\">\n\t\t\t\t\t\t<div class=\"elementor-container elementor-column-gap-default\">\n\t\t\t\t\t<div class=\"elementor-column elementor-col-100 elementor-top-column elementor-element elementor-element-193c45e elementor-invisible\" data-id=\"193c45e\" data-element_type=\"column\" data-settings=\"{&quot;animation&quot;:&quot;fadeInLeft&quot;}\">\n\t\t\t<div class=\"elementor-widget-wrap elementor-element-populated\">\n\t\t\t\t\t\t<div class=\"elementor-element elementor-element-b6ec4aa elementor-widget elementor-widget-heading\" data-id=\"b6ec4aa\" data-element_type=\"widget\" data-widget_type=\"heading.default\">\n\t\t\t\t<div class=\"elementor-widget-container\">\n\t\t\t\t\t<h1 class=\"elementor-heading-title elementor-size-default\">Find us<\/h1>\t\t\t\t<\/div>\n\t\t\t\t<\/div>\n\t\t\t\t\t<\/div>\n\t\t<\/div>\n\t\t\t\t\t<\/div>\n\t\t<\/section>\n\t\t\t\t<section class=\"elementor-section elementor-top-section elementor-element elementor-element-3a89074 elementor-section-full_width elementor-section-content-middle elementor-section-height-default elementor-section-height-default\" data-id=\"3a89074\" data-element_type=\"section\" data-settings=\"{&quot;jet_parallax_layout_list&quot;:[{&quot;jet_parallax_layout_image&quot;:{&quot;url&quot;:&quot;&quot;,&quot;id&quot;:&quot;&quot;,&quot;size&quot;:&quot;&quot;},&quot;_id&quot;:&quot;1f6cc53&quot;,&quot;jet_parallax_layout_image_tablet&quot;:{&quot;url&quot;:&quot;&quot;,&quot;id&quot;:&quot;&quot;,&quot;size&quot;:&quot;&quot;},&quot;jet_parallax_layout_image_mobile&quot;:{&quot;url&quot;:&quot;&quot;,&quot;id&quot;:&quot;&quot;,&quot;size&quot;:&quot;&quot;},&quot;jet_parallax_layout_speed&quot;:{&quot;unit&quot;:&quot;%&quot;,&quot;size&quot;:50,&quot;sizes&quot;:[]},&quot;jet_parallax_layout_type&quot;:&quot;scroll&quot;,&quot;jet_parallax_layout_direction&quot;:&quot;1&quot;,&quot;jet_parallax_layout_fx_direction&quot;:null,&quot;jet_parallax_layout_z_index&quot;:&quot;&quot;,&quot;jet_parallax_layout_bg_x&quot;:50,&quot;jet_parallax_layout_bg_x_tablet&quot;:&quot;&quot;,&quot;jet_parallax_layout_bg_x_mobile&quot;:&quot;&quot;,&quot;jet_parallax_layout_bg_y&quot;:50,&quot;jet_parallax_layout_bg_y_tablet&quot;:&quot;&quot;,&quot;jet_parallax_layout_bg_y_mobile&quot;:&quot;&quot;,&quot;jet_parallax_layout_bg_size&quot;:&quot;auto&quot;,&quot;jet_parallax_layout_bg_size_tablet&quot;:&quot;&quot;,&quot;jet_parallax_layout_bg_size_mobile&quot;:&quot;&quot;,&quot;jet_parallax_layout_animation_prop&quot;:&quot;transform&quot;,&quot;jet_parallax_layout_on&quot;:[&quot;desktop&quot;,&quot;tablet&quot;]}],&quot;background_background&quot;:&quot;classic&quot;}\">\n\t\t\t\t\t\t<div class=\"elementor-container elementor-column-gap-default\">\n\t\t\t\t\t<div class=\"elementor-column elementor-col-50 elementor-top-column elementor-element elementor-element-ecd6559\" data-id=\"ecd6559\" data-element_type=\"column\">\n\t\t\t<div class=\"elementor-widget-wrap elementor-element-populated\">\n\t\t\t\t\t\t<div class=\"elementor-element elementor-element-01943ed elementor-widget elementor-widget-text-editor\" data-id=\"01943ed\" data-element_type=\"widget\" data-widget_type=\"text-editor.default\">\n\t\t\t\t<div class=\"elementor-widget-container\">\n\t\t\t\t\t\t\t\t\t<h3>Skuteczna dystrybucja naszych produkt\u00f3w<\/h3><p>Jako wiod\u0105cy producent urz\u0105dze\u0144 grzewczych, k\u0142adziemy ogromny nacisk na skuteczn\u0105 dystrybucj\u0119 naszych produkt\u00f3w, dbaj\u0105c o ich dost\u0119pno\u015b\u0107 dla szerokiego grona u\u017cytkownik\u00f3w. Nasze urz\u0105dzenia s\u0105 dost\u0119pne wy\u0142\u0105cznie za po\u015brednictwem starannie wyselekcjonowanych autoryzowanych partner\u00f3w. Obecnie nasza sie\u0107 dystrybucji zrzesza ponad 100 profesjonalnych instalator\u00f3w i dystrybutor\u00f3w, co gwarantuje naszym klientom najwy\u017csz\u0105 jako\u015b\u0107 obs\u0142ugi.<br \/><br \/><\/p><h3>Profesjonalne doradztwo i wsparcie techniczne<\/h3><p>Doskonale rozumiemy, jak istotne w tym procesie s\u0105 profesjonalne doradztwo oraz wsparcie techniczne. Dlatego z ogromn\u0105 trosk\u0105 dbamy o to, by ka\u017cdy z naszych partner\u00f3w posiada\u0142 najnowsz\u0105 wiedz\u0119 na temat naszych produkt\u00f3w. Regularnie organizujemy cykliczne szkolenia produktowe, podczas kt\u00f3rych omawiamy zar\u00f3wno teoretyczne, jak i praktyczne aspekty monta\u017cu oraz serwisu naszych urz\u0105dze\u0144.<\/p><p>\u00a0<\/p><h3>Bezpieczna i prawid\u0142owa eksploatacja<\/h3><p>W trosce o prawid\u0142ow\u0105 i bezpieczn\u0105 eksploatacj\u0119 naszych produkt\u00f3w, zalecamy, aby pierwsze uruchomienie, przegl\u0105dy oraz obs\u0142uga serwisowa by\u0142y realizowane wy\u0142\u0105cznie przez naszych autoryzowanych partner\u00f3w. Dzi\u0119ki temu zyskujecie Pa\u0144stwo pewno\u015b\u0107, \u017ce Wasze urz\u0105dzenia b\u0119d\u0105 dzia\u0142a\u0107 niezawodnie przez wiele lat.<\/p>\t\t\t\t\t\t\t\t<\/div>\n\t\t\t\t<\/div>\n\t\t\t\t\t<\/div>\n\t\t<\/div>\n\t\t\t\t<div class=\"elementor-column elementor-col-50 elementor-top-column elementor-element elementor-element-da878f9\" data-id=\"da878f9\" data-element_type=\"column\">\n\t\t\t<div class=\"elementor-widget-wrap elementor-element-populated\">\n\t\t\t\t\t\t<div class=\"elementor-element elementor-element-30f5cf7 elementor-widget elementor-widget-image\" data-id=\"30f5cf7\" data-element_type=\"widget\" data-widget_type=\"image.default\">\n\t\t\t\t<div class=\"elementor-widget-container\">\n\t\t\t\t\t\t\t\t\t\t\t\t\t\t\t<img fetchpriority=\"high\" decoding=\"async\" width=\"831\" height=\"558\" src=\"https:\/\/kipi.pl\/wp-content\/uploads\/2020\/11\/Gdzie-kupic-urzadzenia-grzewcze-KIPI.png\" class=\"attachment-full size-full wp-image-3063\" alt=\"\" srcset=\"https:\/\/kipi.pl\/wp-content\/uploads\/2020\/11\/Gdzie-kupic-urzadzenia-grzewcze-KIPI.png 831w, https:\/\/kipi.pl\/wp-content\/uploads\/2020\/11\/Gdzie-kupic-urzadzenia-grzewcze-KIPI-300x201.png 300w, https:\/\/kipi.pl\/wp-content\/uploads\/2020\/11\/Gdzie-kupic-urzadzenia-grzewcze-KIPI-768x516.png 768w, https:\/\/kipi.pl\/wp-content\/uploads\/2020\/11\/Gdzie-kupic-urzadzenia-grzewcze-KIPI-16x12.png 16w, https:\/\/kipi.pl\/wp-content\/uploads\/2020\/11\/Gdzie-kupic-urzadzenia-grzewcze-KIPI-20x13.png 20w\" sizes=\"(max-width: 831px) 100vw, 831px\" \/>\t\t\t\t\t\t\t\t\t\t\t\t\t\t\t<\/div>\n\t\t\t\t<\/div>\n\t\t\t\t\t<\/div>\n\t\t<\/div>\n\t\t\t\t\t<\/div>\n\t\t<\/section>\n\t\t\t\t<section class=\"elementor-section elementor-top-section elementor-element elementor-element-f756350 elementor-section-full_width elementor-section-content-middle elementor-section-height-default elementor-section-height-default\" data-id=\"f756350\" data-element_type=\"section\" data-settings=\"{&quot;jet_parallax_layout_list&quot;:[{&quot;jet_parallax_layout_image&quot;:{&quot;url&quot;:&quot;&quot;,&quot;id&quot;:&quot;&quot;,&quot;size&quot;:&quot;&quot;},&quot;_id&quot;:&quot;1f6cc53&quot;,&quot;jet_parallax_layout_image_tablet&quot;:{&quot;url&quot;:&quot;&quot;,&quot;id&quot;:&quot;&quot;,&quot;size&quot;:&quot;&quot;},&quot;jet_parallax_layout_image_mobile&quot;:{&quot;url&quot;:&quot;&quot;,&quot;id&quot;:&quot;&quot;,&quot;size&quot;:&quot;&quot;},&quot;jet_parallax_layout_speed&quot;:{&quot;unit&quot;:&quot;%&quot;,&quot;size&quot;:50,&quot;sizes&quot;:[]},&quot;jet_parallax_layout_type&quot;:&quot;scroll&quot;,&quot;jet_parallax_layout_direction&quot;:&quot;1&quot;,&quot;jet_parallax_layout_fx_direction&quot;:null,&quot;jet_parallax_layout_z_index&quot;:&quot;&quot;,&quot;jet_parallax_layout_bg_x&quot;:50,&quot;jet_parallax_layout_bg_x_tablet&quot;:&quot;&quot;,&quot;jet_parallax_layout_bg_x_mobile&quot;:&quot;&quot;,&quot;jet_parallax_layout_bg_y&quot;:50,&quot;jet_parallax_layout_bg_y_tablet&quot;:&quot;&quot;,&quot;jet_parallax_layout_bg_y_mobile&quot;:&quot;&quot;,&quot;jet_parallax_layout_bg_size&quot;:&quot;auto&quot;,&quot;jet_parallax_layout_bg_size_tablet&quot;:&quot;&quot;,&quot;jet_parallax_layout_bg_size_mobile&quot;:&quot;&quot;,&quot;jet_parallax_layout_animation_prop&quot;:&quot;transform&quot;,&quot;jet_parallax_layout_on&quot;:[&quot;desktop&quot;,&quot;tablet&quot;]}],&quot;background_background&quot;:&quot;classic&quot;}\">\n\t\t\t\t\t\t<div class=\"elementor-container elementor-column-gap-default\">\n\t\t\t\t\t<div class=\"elementor-column elementor-col-100 elementor-top-column elementor-element elementor-element-017fe44\" data-id=\"017fe44\" data-element_type=\"column\">\n\t\t\t<div class=\"elementor-widget-wrap elementor-element-populated\">\n\t\t\t\t\t\t<div class=\"elementor-element elementor-element-28e01e2 elementor-widget-divider--view-line elementor-widget elementor-widget-divider\" data-id=\"28e01e2\" data-element_type=\"widget\" data-widget_type=\"divider.default\">\n\t\t\t\t<div class=\"elementor-widget-container\">\n\t\t\t\t\t\t\t<div class=\"elementor-divider\">\n\t\t\t<span class=\"elementor-divider-separator\">\n\t\t\t\t\t\t<\/span>\n\t\t<\/div>\n\t\t\t\t\t\t<\/div>\n\t\t\t\t<\/div>\n\t\t\t\t<div class=\"elementor-element elementor-element-1f1e1b9 elementor-widget elementor-widget-heading\" data-id=\"1f1e1b9\" data-element_type=\"widget\" data-widget_type=\"heading.default\">\n\t\t\t\t<div class=\"elementor-widget-container\">\n\t\t\t\t\t<h4 class=\"elementor-heading-title elementor-size-default translation-block\">OUR <span style=\"color:#F26622\">PARTNERS<\/span><\/h4>\t\t\t\t<\/div>\n\t\t\t\t<\/div>\n\t\t\t\t<div class=\"elementor-element elementor-element-2428b58 elementor-widget elementor-widget-heading\" data-id=\"2428b58\" data-element_type=\"widget\" data-widget_type=\"heading.default\">\n\t\t\t\t<div class=\"elementor-widget-container\">\n\t\t\t\t\t<h4 class=\"elementor-heading-title elementor-size-default translation-block\">Contact the our partner who will help you choose the right KIPI devices and enjoy an efficient, maintenance-free and economical source of heat.<\/h4>\t\t\t\t<\/div>\n\t\t\t\t<\/div>\n\t\t\t\t<div class=\"elementor-element elementor-element-9241475 elementor-align-center elementor-widget elementor-widget-button\" data-id=\"9241475\" data-element_type=\"widget\" data-widget_type=\"button.default\">\n\t\t\t\t<div class=\"elementor-widget-container\">\n\t\t\t\t\t\t\t\t\t<div class=\"elementor-button-wrapper\">\n\t\t\t\t\t<a class=\"elementor-button elementor-button-link elementor-size-sm\" href=\"https:\/\/kipi.pl\/en\/kontakt\/\">\n\t\t\t\t\t\t<span class=\"elementor-button-content-wrapper\">\n\t\t\t\t\t\t\t\t\t<span class=\"elementor-button-text\">Kliknij tutaj<\/span>\n\t\t\t\t\t<\/span>\n\t\t\t\t\t<\/a>\n\t\t\t\t<\/div>\n\t\t\t\t\t\t\t\t<\/div>\n\t\t\t\t<\/div>\n\t\t\t\t<div class=\"elementor-element elementor-element-ca617b9 elementor-widget-divider--view-line elementor-widget elementor-widget-divider\" data-id=\"ca617b9\" data-element_type=\"widget\" data-widget_type=\"divider.default\">\n\t\t\t\t<div class=\"elementor-widget-container\">\n\t\t\t\t\t\t\t<div class=\"elementor-divider\">\n\t\t\t<span class=\"elementor-divider-separator\">\n\t\t\t\t\t\t<\/span>\n\t\t<\/div>\n\t\t\t\t\t\t<\/div>\n\t\t\t\t<\/div>\n\t\t\t\t\t<\/div>\n\t\t<\/div>\n\t\t\t\t\t<\/div>\n\t\t<\/section>\n\t\t\t\t<section class=\"elementor-section elementor-top-section elementor-element elementor-element-913feb8 elementor-section-full_width elementor-hidden-desktop elementor-hidden-tablet elementor-hidden-mobile elementor-section-height-default elementor-section-height-default\" data-id=\"913feb8\" data-element_type=\"section\" data-settings=\"{&quot;jet_parallax_layout_list&quot;:[{&quot;jet_parallax_layout_image&quot;:{&quot;url&quot;:&quot;&quot;,&quot;id&quot;:&quot;&quot;,&quot;size&quot;:&quot;&quot;},&quot;_id&quot;:&quot;06b34e9&quot;,&quot;jet_parallax_layout_image_tablet&quot;:{&quot;url&quot;:&quot;&quot;,&quot;id&quot;:&quot;&quot;,&quot;size&quot;:&quot;&quot;},&quot;jet_parallax_layout_image_mobile&quot;:{&quot;url&quot;:&quot;&quot;,&quot;id&quot;:&quot;&quot;,&quot;size&quot;:&quot;&quot;},&quot;jet_parallax_layout_speed&quot;:{&quot;unit&quot;:&quot;%&quot;,&quot;size&quot;:50,&quot;sizes&quot;:[]},&quot;jet_parallax_layout_type&quot;:&quot;scroll&quot;,&quot;jet_parallax_layout_direction&quot;:&quot;1&quot;,&quot;jet_parallax_layout_fx_direction&quot;:null,&quot;jet_parallax_layout_z_index&quot;:&quot;&quot;,&quot;jet_parallax_layout_bg_x&quot;:50,&quot;jet_parallax_layout_bg_x_tablet&quot;:&quot;&quot;,&quot;jet_parallax_layout_bg_x_mobile&quot;:&quot;&quot;,&quot;jet_parallax_layout_bg_y&quot;:50,&quot;jet_parallax_layout_bg_y_tablet&quot;:&quot;&quot;,&quot;jet_parallax_layout_bg_y_mobile&quot;:&quot;&quot;,&quot;jet_parallax_layout_bg_size&quot;:&quot;auto&quot;,&quot;jet_parallax_layout_bg_size_tablet&quot;:&quot;&quot;,&quot;jet_parallax_layout_bg_size_mobile&quot;:&quot;&quot;,&quot;jet_parallax_layout_animation_prop&quot;:&quot;transform&quot;,&quot;jet_parallax_layout_on&quot;:[&quot;desktop&quot;,&quot;tablet&quot;]}],&quot;background_background&quot;:&quot;classic&quot;}\">\n\t\t\t\t\t\t<div class=\"elementor-container elementor-column-gap-default\">\n\t\t\t\t\t<div class=\"elementor-column elementor-col-100 elementor-top-column elementor-element elementor-element-f2b2cec\" data-id=\"f2b2cec\" data-element_type=\"column\">\n\t\t\t<div class=\"elementor-widget-wrap elementor-element-populated\">\n\t\t\t\t\t\t<div class=\"elementor-element elementor-element-a774f2a elementor-widget elementor-widget-shortcode\" data-id=\"a774f2a\" data-element_type=\"widget\" data-widget_type=\"shortcode.default\">\n\t\t\t\t<div class=\"elementor-widget-container\">\n\t\t\t\t\t\t\t<div class=\"elementor-shortcode\">[ASL_STORELOCATOR color_scheme=\"0\"]<\/div>\n\t\t\t\t\t\t<\/div>\n\t\t\t\t<\/div>\n\t\t\t\t\t<\/div>\n\t\t<\/div>\n\t\t\t\t\t<\/div>\n\t\t<\/section>\n\t\t\t\t<\/div>","protected":false},"excerpt":{"rendered":"<p>Skuteczna dystrybucja naszych produkt\u00f3w Jako wiod\u0105cy producent urz\u0105dze\u0144 grzewczych, k\u0142adziemy ogromny nacisk na skuteczn\u0105 dystrybucj\u0119 naszych produkt\u00f3w, dbaj\u0105c o ich dost\u0119pno\u015b\u0107 dla szerokiego grona u\u017cytkownik\u00f3w. Nasze urz\u0105dzenia s\u0105 dost\u0119pne wy\u0142\u0105cznie za po\u015brednictwem starannie wyselekcjonowanych autoryzowanych partner\u00f3w. Obecnie nasza sie\u0107 dystrybucji zrzesza ponad 100 profesjonalnych instalator\u00f3w i dystrybutor\u00f3w, co gwarantuje naszym klientom najwy\u017csz\u0105 jako\u015b\u0107 obs\u0142ugi. Profesjonalne [&hellip;]<\/p>","protected":false},"author":2,"featured_media":0,"parent":0,"menu_order":0,"comment_status":"closed","ping_status":"closed","template":"elementor_header_footer","meta":{"_acf_changed":false,"footnotes":""},"class_list":["post-21","page","type-page","status-publish","hentry"],"acf":[],"yoast_head":"<!-- This site is optimized with the Yoast SEO plugin v25.5 - https:\/\/yoast.com\/wordpress\/plugins\/seo\/ -->\n<title>Gdzie kupi\u0107 - KIPI<\/title>\n<meta name=\"description\" content=\"Nasze urz\u0105dzenia oferujemy wy\u0142\u0105cznie przez starannie wyselekcjonowanych partner\u00f3w. Sie\u0107 dystrybucji obejmuje ponad 100 instalator\u00f3w i dystrybutor\u00f3w. Skontaktuj si\u0119, aby znale\u017a\u0107 najbli\u017cszego!\" \/>\n<meta name=\"robots\" content=\"index, follow, max-snippet:-1, max-image-preview:large, max-video-preview:-1\" \/>\n<link rel=\"canonical\" href=\"https:\/\/kipi.pl\/en\/gdzie-kupic\/\" \/>\n<meta property=\"og:locale\" content=\"en_GB\" \/>\n<meta property=\"og:type\" content=\"article\" \/>\n<meta property=\"og:title\" content=\"Gdzie kupi\u0107 - KIPI\" \/>\n<meta property=\"og:description\" content=\"Nasze urz\u0105dzenia oferujemy wy\u0142\u0105cznie przez starannie wyselekcjonowanych partner\u00f3w. Sie\u0107 dystrybucji obejmuje ponad 100 instalator\u00f3w i dystrybutor\u00f3w. Skontaktuj si\u0119, aby znale\u017a\u0107 najbli\u017cszego!\" \/>\n<meta property=\"og:url\" content=\"https:\/\/kipi.pl\/en\/gdzie-kupic\/\" \/>\n<meta property=\"og:site_name\" content=\"KIPI\" \/>\n<meta property=\"article:modified_time\" content=\"2024-09-03T11:13:34+00:00\" \/>\n<meta property=\"og:image\" content=\"https:\/\/kipi.pl\/wp-content\/uploads\/2020\/11\/Gdzie-kupic-urzadzenia-grzewcze-KIPI.png\" \/>\n\t<meta property=\"og:image:width\" content=\"831\" \/>\n\t<meta property=\"og:image:height\" content=\"558\" \/>\n\t<meta property=\"og:image:type\" content=\"image\/png\" \/>\n<meta name=\"twitter:card\" content=\"summary_large_image\" \/>\n<meta name=\"twitter:label1\" content=\"Estimated reading time\" \/>\n\t<meta name=\"twitter:data1\" content=\"2 minutes\" \/>\n<script type=\"application\/ld+json\" class=\"yoast-schema-graph\">{\"@context\":\"https:\/\/schema.org\",\"@graph\":[{\"@type\":\"WebPage\",\"@id\":\"https:\/\/kipi.pl\/gdzie-kupic\/\",\"url\":\"https:\/\/kipi.pl\/gdzie-kupic\/\",\"name\":\"Gdzie kupi\u0107 - KIPI\",\"isPartOf\":{\"@id\":\"https:\/\/kipi.pl\/#website\"},\"primaryImageOfPage\":{\"@id\":\"https:\/\/kipi.pl\/gdzie-kupic\/#primaryimage\"},\"image\":{\"@id\":\"https:\/\/kipi.pl\/gdzie-kupic\/#primaryimage\"},\"thumbnailUrl\":\"https:\/\/kipi.pl\/wp-content\/uploads\/2020\/11\/Gdzie-kupic-urzadzenia-grzewcze-KIPI.png\",\"datePublished\":\"2020-01-15T13:32:03+00:00\",\"dateModified\":\"2024-09-03T11:13:34+00:00\",\"description\":\"Nasze urz\u0105dzenia oferujemy wy\u0142\u0105cznie przez starannie wyselekcjonowanych partner\u00f3w. Sie\u0107 dystrybucji obejmuje ponad 100 instalator\u00f3w i dystrybutor\u00f3w. Skontaktuj si\u0119, aby znale\u017a\u0107 najbli\u017cszego!\",\"breadcrumb\":{\"@id\":\"https:\/\/kipi.pl\/gdzie-kupic\/#breadcrumb\"},\"inLanguage\":\"en-GB\",\"potentialAction\":[{\"@type\":\"ReadAction\",\"target\":[\"https:\/\/kipi.pl\/gdzie-kupic\/\"]}]},{\"@type\":\"ImageObject\",\"inLanguage\":\"en-GB\",\"@id\":\"https:\/\/kipi.pl\/gdzie-kupic\/#primaryimage\",\"url\":\"https:\/\/kipi.pl\/wp-content\/uploads\/2020\/11\/Gdzie-kupic-urzadzenia-grzewcze-KIPI.png\",\"contentUrl\":\"https:\/\/kipi.pl\/wp-content\/uploads\/2020\/11\/Gdzie-kupic-urzadzenia-grzewcze-KIPI.png\"},{\"@type\":\"BreadcrumbList\",\"@id\":\"https:\/\/kipi.pl\/gdzie-kupic\/#breadcrumb\",\"itemListElement\":[{\"@type\":\"ListItem\",\"position\":1,\"name\":\"Strona g\u0142\u00f3wna\",\"item\":\"https:\/\/kipi.pl\/\"},{\"@type\":\"ListItem\",\"position\":2,\"name\":\"Gdzie kupi\u0107\"}]},{\"@type\":\"WebSite\",\"@id\":\"https:\/\/kipi.pl\/#website\",\"url\":\"https:\/\/kipi.pl\/\",\"name\":\"KIPI\",\"description\":\"Tworzymy innowacyjne palniki na pellet dla ciep\u0142a i komfortu w Twoim domu.\",\"publisher\":{\"@id\":\"https:\/\/kipi.pl\/#organization\"},\"potentialAction\":[{\"@type\":\"SearchAction\",\"target\":{\"@type\":\"EntryPoint\",\"urlTemplate\":\"https:\/\/kipi.pl\/?s={search_term_string}\"},\"query-input\":{\"@type\":\"PropertyValueSpecification\",\"valueRequired\":true,\"valueName\":\"search_term_string\"}}],\"inLanguage\":\"en-GB\"},{\"@type\":\"Organization\",\"@id\":\"https:\/\/kipi.pl\/#organization\",\"name\":\"KIPI\",\"url\":\"https:\/\/kipi.pl\/\",\"logo\":{\"@type\":\"ImageObject\",\"inLanguage\":\"en-GB\",\"@id\":\"https:\/\/kipi.pl\/#\/schema\/logo\/image\/\",\"url\":\"https:\/\/kipi.pl\/wp-content\/uploads\/2020\/02\/logo-kipi-2020-1.png\",\"contentUrl\":\"https:\/\/kipi.pl\/wp-content\/uploads\/2020\/02\/logo-kipi-2020-1.png\",\"width\":300,\"height\":64,\"caption\":\"KIPI\"},\"image\":{\"@id\":\"https:\/\/kipi.pl\/#\/schema\/logo\/image\/\"}}]}<\/script>\n<!-- \/ Yoast SEO plugin. -->","yoast_head_json":{"title":"Gdzie kupi\u0107 - KIPI","description":"Nasze urz\u0105dzenia oferujemy wy\u0142\u0105cznie przez starannie wyselekcjonowanych partner\u00f3w. Sie\u0107 dystrybucji obejmuje ponad 100 instalator\u00f3w i dystrybutor\u00f3w. Skontaktuj si\u0119, aby znale\u017a\u0107 najbli\u017cszego!","robots":{"index":"index","follow":"follow","max-snippet":"max-snippet:-1","max-image-preview":"max-image-preview:large","max-video-preview":"max-video-preview:-1"},"canonical":"https:\/\/kipi.pl\/en\/gdzie-kupic\/","og_locale":"en_GB","og_type":"article","og_title":"Gdzie kupi\u0107 - KIPI","og_description":"Nasze urz\u0105dzenia oferujemy wy\u0142\u0105cznie przez starannie wyselekcjonowanych partner\u00f3w. Sie\u0107 dystrybucji obejmuje ponad 100 instalator\u00f3w i dystrybutor\u00f3w. Skontaktuj si\u0119, aby znale\u017a\u0107 najbli\u017cszego!","og_url":"https:\/\/kipi.pl\/en\/gdzie-kupic\/","og_site_name":"KIPI","article_modified_time":"2024-09-03T11:13:34+00:00","og_image":[{"width":831,"height":558,"url":"https:\/\/kipi.pl\/wp-content\/uploads\/2020\/11\/Gdzie-kupic-urzadzenia-grzewcze-KIPI.png","type":"image\/png"}],"twitter_card":"summary_large_image","twitter_misc":{"Estimated reading time":"2 minutes"},"schema":{"@context":"https:\/\/schema.org","@graph":[{"@type":"WebPage","@id":"https:\/\/kipi.pl\/gdzie-kupic\/","url":"https:\/\/kipi.pl\/gdzie-kupic\/","name":"Gdzie kupi\u0107 - KIPI","isPartOf":{"@id":"https:\/\/kipi.pl\/#website"},"primaryImageOfPage":{"@id":"https:\/\/kipi.pl\/gdzie-kupic\/#primaryimage"},"image":{"@id":"https:\/\/kipi.pl\/gdzie-kupic\/#primaryimage"},"thumbnailUrl":"https:\/\/kipi.pl\/wp-content\/uploads\/2020\/11\/Gdzie-kupic-urzadzenia-grzewcze-KIPI.png","datePublished":"2020-01-15T13:32:03+00:00","dateModified":"2024-09-03T11:13:34+00:00","description":"Nasze urz\u0105dzenia oferujemy wy\u0142\u0105cznie przez starannie wyselekcjonowanych partner\u00f3w. Sie\u0107 dystrybucji obejmuje ponad 100 instalator\u00f3w i dystrybutor\u00f3w. Skontaktuj si\u0119, aby znale\u017a\u0107 najbli\u017cszego!","breadcrumb":{"@id":"https:\/\/kipi.pl\/gdzie-kupic\/#breadcrumb"},"inLanguage":"en-GB","potentialAction":[{"@type":"ReadAction","target":["https:\/\/kipi.pl\/gdzie-kupic\/"]}]},{"@type":"ImageObject","inLanguage":"en-GB","@id":"https:\/\/kipi.pl\/gdzie-kupic\/#primaryimage","url":"https:\/\/kipi.pl\/wp-content\/uploads\/2020\/11\/Gdzie-kupic-urzadzenia-grzewcze-KIPI.png","contentUrl":"https:\/\/kipi.pl\/wp-content\/uploads\/2020\/11\/Gdzie-kupic-urzadzenia-grzewcze-KIPI.png"},{"@type":"BreadcrumbList","@id":"https:\/\/kipi.pl\/gdzie-kupic\/#breadcrumb","itemListElement":[{"@type":"ListItem","position":1,"name":"Strona g\u0142\u00f3wna","item":"https:\/\/kipi.pl\/"},{"@type":"ListItem","position":2,"name":"Gdzie kupi\u0107"}]},{"@type":"WebSite","@id":"https:\/\/kipi.pl\/#website","url":"https:\/\/kipi.pl\/","name":"KIPI","description":"Tworzymy innowacyjne palniki na pellet dla ciep\u0142a i komfortu w Twoim domu.","publisher":{"@id":"https:\/\/kipi.pl\/#organization"},"potentialAction":[{"@type":"SearchAction","target":{"@type":"EntryPoint","urlTemplate":"https:\/\/kipi.pl\/?s={search_term_string}"},"query-input":{"@type":"PropertyValueSpecification","valueRequired":true,"valueName":"search_term_string"}}],"inLanguage":"en-GB"},{"@type":"Organization","@id":"https:\/\/kipi.pl\/#organization","name":"KIPI","url":"https:\/\/kipi.pl\/","logo":{"@type":"ImageObject","inLanguage":"en-GB","@id":"https:\/\/kipi.pl\/#\/schema\/logo\/image\/","url":"https:\/\/kipi.pl\/wp-content\/uploads\/2020\/02\/logo-kipi-2020-1.png","contentUrl":"https:\/\/kipi.pl\/wp-content\/uploads\/2020\/02\/logo-kipi-2020-1.png","width":300,"height":64,"caption":"KIPI"},"image":{"@id":"https:\/\/kipi.pl\/#\/schema\/logo\/image\/"}}]}},"_links":{"self":[{"href":"https:\/\/kipi.pl\/en\/wp-json\/wp\/v2\/pages\/21","targetHints":{"allow":["GET"]}}],"collection":[{"href":"https:\/\/kipi.pl\/en\/wp-json\/wp\/v2\/pages"}],"about":[{"href":"https:\/\/kipi.pl\/en\/wp-json\/wp\/v2\/types\/page"}],"author":[{"embeddable":true,"href":"https:\/\/kipi.pl\/en\/wp-json\/wp\/v2\/users\/2"}],"replies":[{"embeddable":true,"href":"https:\/\/kipi.pl\/en\/wp-json\/wp\/v2\/comments?post=21"}],"version-history":[{"count":0,"href":"https:\/\/kipi.pl\/en\/wp-json\/wp\/v2\/pages\/21\/revisions"}],"wp:attachment":[{"href":"https:\/\/kipi.pl\/en\/wp-json\/wp\/v2\/media?parent=21"}],"curies":[{"name":"wp","href":"https:\/\/api.w.org\/{rel}","templated":true}]}}