{"id":8456,"date":"2023-02-13T12:10:52","date_gmt":"2023-02-13T11:10:52","guid":{"rendered":"https:\/\/kipi.pl\/?page_id=8456"},"modified":"2024-01-31T10:15:45","modified_gmt":"2024-01-31T09:15:45","slug":"pompy-ciepla-uruchomienie-serwis-przeglady","status":"publish","type":"page","link":"https:\/\/kipi.pl\/en\/pompy-ciepla-uruchomienie-serwis-przeglady\/","title":{"rendered":"Pompy ciep\u0142a &#8211; uruchomienie &#8211; serwis &#8211; przegl\u0105dy"},"content":{"rendered":"<div data-elementor-type=\"wp-page\" data-elementor-id=\"8456\" class=\"elementor elementor-8456\" data-elementor-post-type=\"page\">\n\t\t\t\t\t\t<section class=\"elementor-section elementor-top-section elementor-element elementor-element-e9e4c8e elementor-section-full_width elementor-section-height-default elementor-section-height-default elementor-invisible\" data-id=\"e9e4c8e\" data-element_type=\"section\" data-settings=\"{&quot;jet_parallax_layout_list&quot;:[{&quot;jet_parallax_layout_image&quot;:{&quot;url&quot;:&quot;&quot;,&quot;id&quot;:&quot;&quot;,&quot;size&quot;:&quot;&quot;},&quot;_id&quot;:&quot;34ba73b&quot;,&quot;jet_parallax_layout_image_tablet&quot;:{&quot;url&quot;:&quot;&quot;,&quot;id&quot;:&quot;&quot;,&quot;size&quot;:&quot;&quot;},&quot;jet_parallax_layout_image_mobile&quot;:{&quot;url&quot;:&quot;&quot;,&quot;id&quot;:&quot;&quot;,&quot;size&quot;:&quot;&quot;},&quot;jet_parallax_layout_speed&quot;:{&quot;unit&quot;:&quot;%&quot;,&quot;size&quot;:50,&quot;sizes&quot;:[]},&quot;jet_parallax_layout_type&quot;:&quot;scroll&quot;,&quot;jet_parallax_layout_direction&quot;:&quot;1&quot;,&quot;jet_parallax_layout_fx_direction&quot;:null,&quot;jet_parallax_layout_z_index&quot;:&quot;&quot;,&quot;jet_parallax_layout_bg_x&quot;:50,&quot;jet_parallax_layout_bg_x_tablet&quot;:&quot;&quot;,&quot;jet_parallax_layout_bg_x_mobile&quot;:&quot;&quot;,&quot;jet_parallax_layout_bg_y&quot;:50,&quot;jet_parallax_layout_bg_y_tablet&quot;:&quot;&quot;,&quot;jet_parallax_layout_bg_y_mobile&quot;:&quot;&quot;,&quot;jet_parallax_layout_bg_size&quot;:&quot;auto&quot;,&quot;jet_parallax_layout_bg_size_tablet&quot;:&quot;&quot;,&quot;jet_parallax_layout_bg_size_mobile&quot;:&quot;&quot;,&quot;jet_parallax_layout_animation_prop&quot;:&quot;transform&quot;,&quot;jet_parallax_layout_on&quot;:[&quot;desktop&quot;,&quot;tablet&quot;]}],&quot;background_background&quot;:&quot;gradient&quot;,&quot;animation&quot;:&quot;fadeInLeft&quot;}\">\n\t\t\t\t\t\t<div class=\"elementor-container elementor-column-gap-default\">\n\t\t\t\t\t<div class=\"elementor-column elementor-col-100 elementor-top-column elementor-element elementor-element-8c90599 elementor-invisible\" data-id=\"8c90599\" data-element_type=\"column\" data-settings=\"{&quot;animation&quot;:&quot;fadeInLeft&quot;}\">\n\t\t\t<div class=\"elementor-widget-wrap elementor-element-populated\">\n\t\t\t\t\t\t<div class=\"elementor-element elementor-element-b135c7a elementor-widget elementor-widget-heading\" data-id=\"b135c7a\" data-element_type=\"widget\" data-widget_type=\"heading.default\">\n\t\t\t\t<div class=\"elementor-widget-container\">\n\t\t\t\t\t<h1 class=\"elementor-heading-title elementor-size-default\">Pompy ciep\u0142a &#8211; uruchomienie &#8211; serwis &#8211; przegl\u0105dy<\/h1>\t\t\t\t<\/div>\n\t\t\t\t<\/div>\n\t\t\t\t\t<\/div>\n\t\t<\/div>\n\t\t\t\t\t<\/div>\n\t\t<\/section>\n\t\t\t\t<section class=\"elementor-section elementor-top-section elementor-element elementor-element-689ee26 elementor-section-boxed elementor-section-height-default elementor-section-height-default\" data-id=\"689ee26\" data-element_type=\"section\" data-settings=\"{&quot;jet_parallax_layout_list&quot;:[],&quot;background_background&quot;:&quot;classic&quot;}\">\n\t\t\t\t\t\t<div class=\"elementor-container elementor-column-gap-default\">\n\t\t\t\t\t<div class=\"elementor-column elementor-col-100 elementor-top-column elementor-element elementor-element-c1da786\" data-id=\"c1da786\" data-element_type=\"column\">\n\t\t\t<div class=\"elementor-widget-wrap elementor-element-populated\">\n\t\t\t\t\t\t<div class=\"elementor-element elementor-element-7d58fda elementor-widget elementor-widget-spacer\" data-id=\"7d58fda\" data-element_type=\"widget\" data-widget_type=\"spacer.default\">\n\t\t\t\t<div class=\"elementor-widget-container\">\n\t\t\t\t\t\t\t<div class=\"elementor-spacer\">\n\t\t\t<div class=\"elementor-spacer-inner\"><\/div>\n\t\t<\/div>\n\t\t\t\t\t\t<\/div>\n\t\t\t\t<\/div>\n\t\t\t\t\t<\/div>\n\t\t<\/div>\n\t\t\t\t\t<\/div>\n\t\t<\/section>\n\t\t\t\t<section class=\"elementor-section elementor-top-section elementor-element elementor-element-83d7dba elementor-section-boxed elementor-section-height-default elementor-section-height-default\" data-id=\"83d7dba\" data-element_type=\"section\" data-settings=\"{&quot;jet_parallax_layout_list&quot;:[{&quot;jet_parallax_layout_image&quot;:{&quot;url&quot;:&quot;&quot;,&quot;id&quot;:&quot;&quot;,&quot;size&quot;:&quot;&quot;},&quot;_id&quot;:&quot;29403fb&quot;,&quot;jet_parallax_layout_image_tablet&quot;:{&quot;url&quot;:&quot;&quot;,&quot;id&quot;:&quot;&quot;,&quot;size&quot;:&quot;&quot;},&quot;jet_parallax_layout_image_mobile&quot;:{&quot;url&quot;:&quot;&quot;,&quot;id&quot;:&quot;&quot;,&quot;size&quot;:&quot;&quot;},&quot;jet_parallax_layout_speed&quot;:{&quot;unit&quot;:&quot;%&quot;,&quot;size&quot;:50,&quot;sizes&quot;:[]},&quot;jet_parallax_layout_type&quot;:&quot;scroll&quot;,&quot;jet_parallax_layout_direction&quot;:&quot;1&quot;,&quot;jet_parallax_layout_fx_direction&quot;:null,&quot;jet_parallax_layout_z_index&quot;:&quot;&quot;,&quot;jet_parallax_layout_bg_x&quot;:50,&quot;jet_parallax_layout_bg_x_tablet&quot;:&quot;&quot;,&quot;jet_parallax_layout_bg_x_mobile&quot;:&quot;&quot;,&quot;jet_parallax_layout_bg_y&quot;:50,&quot;jet_parallax_layout_bg_y_tablet&quot;:&quot;&quot;,&quot;jet_parallax_layout_bg_y_mobile&quot;:&quot;&quot;,&quot;jet_parallax_layout_bg_size&quot;:&quot;auto&quot;,&quot;jet_parallax_layout_bg_size_tablet&quot;:&quot;&quot;,&quot;jet_parallax_layout_bg_size_mobile&quot;:&quot;&quot;,&quot;jet_parallax_layout_animation_prop&quot;:&quot;transform&quot;,&quot;jet_parallax_layout_on&quot;:[&quot;desktop&quot;,&quot;tablet&quot;]}],&quot;background_background&quot;:&quot;classic&quot;}\">\n\t\t\t\t\t\t<div class=\"elementor-container elementor-column-gap-default\">\n\t\t\t\t\t<div data-pafe-section-link=\"https:\/\/kipi.pl\/pierwsze-uruchomienie-pompy-ciepla\/\" data-pafe-section-link-external=\"\" data-pafe-section-link-display=\"block\" class=\"elementor-column elementor-col-16 elementor-top-column elementor-element elementor-element-ebd3091 square\" data-id=\"ebd3091\" data-element_type=\"column\">\n\t\t\t<div class=\"elementor-widget-wrap elementor-element-populated\">\n\t\t\t\t\t\t<div class=\"elementor-element elementor-element-fc2fb32 elementor-view-default elementor-position-top elementor-mobile-position-top elementor-widget elementor-widget-icon-box\" data-id=\"fc2fb32\" data-element_type=\"widget\" data-widget_type=\"icon-box.default\">\n\t\t\t\t<div class=\"elementor-widget-container\">\n\t\t\t\t\t\t\t<div class=\"elementor-icon-box-wrapper\">\n\n\t\t\t\t\t\t<div class=\"elementor-icon-box-icon\">\n\t\t\t\t<a href=\"https:\/\/kipi.pl\/en\/pierwsze-uruchomienie-pompy-ciepla\/\" class=\"elementor-icon\" tabindex=\"-1\">\n\t\t\t\t<i aria-hidden=\"true\" class=\"fas fa-file-alt\"><\/i>\t\t\t\t<\/a>\n\t\t\t<\/div>\n\t\t\t\n\t\t\t\t\t\t<div class=\"elementor-icon-box-content\">\n\n\t\t\t\t\n\t\t\t\t\t\t\t\t\t<p class=\"elementor-icon-box-description\">\n\t\t\t\t\t\tPierwsze uruchomienie pompy ciep\u0142a\t\t\t\t\t<\/p>\n\t\t\t\t\n\t\t\t<\/div>\n\t\t\t\n\t\t<\/div>\n\t\t\t\t\t\t<\/div>\n\t\t\t\t<\/div>\n\t\t\t\t\t<\/div>\n\t\t<\/div>\n\t\t\t\t<div data-pafe-section-link=\"https:\/\/kipi.pl\/zgloszenie-serwisowe-pompy-ciepla\/\" data-pafe-section-link-external=\"\" data-pafe-section-link-display=\"block\" class=\"elementor-column elementor-col-16 elementor-top-column elementor-element elementor-element-bc1b240 square\" data-id=\"bc1b240\" data-element_type=\"column\">\n\t\t\t<div class=\"elementor-widget-wrap elementor-element-populated\">\n\t\t\t\t\t\t<div class=\"elementor-element elementor-element-bb65e3d elementor-view-default elementor-position-top elementor-mobile-position-top elementor-widget elementor-widget-icon-box\" data-id=\"bb65e3d\" data-element_type=\"widget\" data-widget_type=\"icon-box.default\">\n\t\t\t\t<div class=\"elementor-widget-container\">\n\t\t\t\t\t\t\t<div class=\"elementor-icon-box-wrapper\">\n\n\t\t\t\t\t\t<div class=\"elementor-icon-box-icon\">\n\t\t\t\t<a href=\"https:\/\/kipi.pl\/en\/zgloszenie-serwisowe-pompy-ciepla\/\" class=\"elementor-icon\" tabindex=\"-1\">\n\t\t\t\t<i aria-hidden=\"true\" class=\"fas fa-file-alt\"><\/i>\t\t\t\t<\/a>\n\t\t\t<\/div>\n\t\t\t\n\t\t\t\t\t\t<div class=\"elementor-icon-box-content\">\n\n\t\t\t\t\n\t\t\t\t\t\t\t\t\t<p class=\"elementor-icon-box-description\">\n\t\t\t\t\t\tZg\u0142oszenie serwisowe pompy ciep\u0142a\t\t\t\t\t<\/p>\n\t\t\t\t\n\t\t\t<\/div>\n\t\t\t\n\t\t<\/div>\n\t\t\t\t\t\t<\/div>\n\t\t\t\t<\/div>\n\t\t\t\t\t<\/div>\n\t\t<\/div>\n\t\t\t\t<div data-pafe-section-link=\"https:\/\/kipi.pl\/i-przeglad\/\" data-pafe-section-link-external=\"\" data-pafe-section-link-display=\"block\" class=\"elementor-column elementor-col-16 elementor-top-column elementor-element elementor-element-d7ddc75 square\" data-id=\"d7ddc75\" data-element_type=\"column\">\n\t\t\t<div class=\"elementor-widget-wrap elementor-element-populated\">\n\t\t\t\t\t\t<div class=\"elementor-element elementor-element-afa4125 elementor-view-default elementor-position-top elementor-mobile-position-top elementor-widget elementor-widget-icon-box\" data-id=\"afa4125\" data-element_type=\"widget\" data-widget_type=\"icon-box.default\">\n\t\t\t\t<div class=\"elementor-widget-container\">\n\t\t\t\t\t\t\t<div class=\"elementor-icon-box-wrapper\">\n\n\t\t\t\t\t\t<div class=\"elementor-icon-box-icon\">\n\t\t\t\t<a href=\"https:\/\/kipi.pl\/en\/i-przeglad\/\" class=\"elementor-icon\" tabindex=\"-1\">\n\t\t\t\t<i aria-hidden=\"true\" class=\"fas fa-file-alt\"><\/i>\t\t\t\t<\/a>\n\t\t\t<\/div>\n\t\t\t\n\t\t\t\t\t\t<div class=\"elementor-icon-box-content\">\n\n\t\t\t\t\n\t\t\t\t\t\t\t\t\t<p class=\"elementor-icon-box-description\">\n\t\t\t\t\t\tI przegl\u0105d pompy ciep\u0142a\t\t\t\t\t<\/p>\n\t\t\t\t\n\t\t\t<\/div>\n\t\t\t\n\t\t<\/div>\n\t\t\t\t\t\t<\/div>\n\t\t\t\t<\/div>\n\t\t\t\t\t<\/div>\n\t\t<\/div>\n\t\t\t\t<div data-pafe-section-link=\"https:\/\/kipi.pl\/ii-przeglad\/\" data-pafe-section-link-external=\"\" data-pafe-section-link-display=\"block\" class=\"elementor-column elementor-col-16 elementor-top-column elementor-element elementor-element-cf4b7e7 square\" data-id=\"cf4b7e7\" data-element_type=\"column\">\n\t\t\t<div class=\"elementor-widget-wrap elementor-element-populated\">\n\t\t\t\t\t\t<div class=\"elementor-element elementor-element-81f2526 elementor-view-default elementor-position-top elementor-mobile-position-top elementor-widget elementor-widget-icon-box\" data-id=\"81f2526\" data-element_type=\"widget\" data-widget_type=\"icon-box.default\">\n\t\t\t\t<div class=\"elementor-widget-container\">\n\t\t\t\t\t\t\t<div class=\"elementor-icon-box-wrapper\">\n\n\t\t\t\t\t\t<div class=\"elementor-icon-box-icon\">\n\t\t\t\t<a href=\"https:\/\/kipi.pl\/en\/ii-przeglad\/\" class=\"elementor-icon\" tabindex=\"-1\">\n\t\t\t\t<i aria-hidden=\"true\" class=\"fas fa-file-alt\"><\/i>\t\t\t\t<\/a>\n\t\t\t<\/div>\n\t\t\t\n\t\t\t\t\t\t<div class=\"elementor-icon-box-content\">\n\n\t\t\t\t\n\t\t\t\t\t\t\t\t\t<p class=\"elementor-icon-box-description\">\n\t\t\t\t\t\tII przegl\u0105d pompy ciep\u0142a\t\t\t\t\t<\/p>\n\t\t\t\t\n\t\t\t<\/div>\n\t\t\t\n\t\t<\/div>\n\t\t\t\t\t\t<\/div>\n\t\t\t\t<\/div>\n\t\t\t\t\t<\/div>\n\t\t<\/div>\n\t\t\t\t<div data-pafe-section-link=\"https:\/\/kipi.pl\/iii-przeglad\/\" data-pafe-section-link-external=\"\" data-pafe-section-link-display=\"block\" class=\"elementor-column elementor-col-16 elementor-top-column elementor-element elementor-element-df6dada square\" data-id=\"df6dada\" data-element_type=\"column\">\n\t\t\t<div class=\"elementor-widget-wrap elementor-element-populated\">\n\t\t\t\t\t\t<div class=\"elementor-element elementor-element-5a549bc elementor-view-default elementor-position-top elementor-mobile-position-top elementor-widget elementor-widget-icon-box\" data-id=\"5a549bc\" data-element_type=\"widget\" data-widget_type=\"icon-box.default\">\n\t\t\t\t<div class=\"elementor-widget-container\">\n\t\t\t\t\t\t\t<div class=\"elementor-icon-box-wrapper\">\n\n\t\t\t\t\t\t<div class=\"elementor-icon-box-icon\">\n\t\t\t\t<a href=\"https:\/\/kipi.pl\/en\/iii-przeglad\/\" class=\"elementor-icon\" tabindex=\"-1\">\n\t\t\t\t<i aria-hidden=\"true\" class=\"fas fa-file-alt\"><\/i>\t\t\t\t<\/a>\n\t\t\t<\/div>\n\t\t\t\n\t\t\t\t\t\t<div class=\"elementor-icon-box-content\">\n\n\t\t\t\t\n\t\t\t\t\t\t\t\t\t<p class=\"elementor-icon-box-description\">\n\t\t\t\t\t\tIII przegl\u0105d pompy ciep\u0142a\t\t\t\t\t<\/p>\n\t\t\t\t\n\t\t\t<\/div>\n\t\t\t\n\t\t<\/div>\n\t\t\t\t\t\t<\/div>\n\t\t\t\t<\/div>\n\t\t\t\t\t<\/div>\n\t\t<\/div>\n\t\t\t\t<div data-pafe-section-link=\"https:\/\/kipi.pl\/iv-przeglad\/\" data-pafe-section-link-external=\"\" data-pafe-section-link-display=\"block\" class=\"elementor-column elementor-col-16 elementor-top-column elementor-element elementor-element-2120e42 square\" data-id=\"2120e42\" data-element_type=\"column\">\n\t\t\t<div class=\"elementor-widget-wrap elementor-element-populated\">\n\t\t\t\t\t\t<div class=\"elementor-element elementor-element-a2a947f elementor-view-default elementor-position-top elementor-mobile-position-top elementor-widget elementor-widget-icon-box\" data-id=\"a2a947f\" data-element_type=\"widget\" data-widget_type=\"icon-box.default\">\n\t\t\t\t<div class=\"elementor-widget-container\">\n\t\t\t\t\t\t\t<div class=\"elementor-icon-box-wrapper\">\n\n\t\t\t\t\t\t<div class=\"elementor-icon-box-icon\">\n\t\t\t\t<a href=\"https:\/\/kipi.pl\/en\/iv-przeglad\/\" class=\"elementor-icon\" tabindex=\"-1\">\n\t\t\t\t<i aria-hidden=\"true\" class=\"fas fa-file-alt\"><\/i>\t\t\t\t<\/a>\n\t\t\t<\/div>\n\t\t\t\n\t\t\t\t\t\t<div class=\"elementor-icon-box-content\">\n\n\t\t\t\t\n\t\t\t\t\t\t\t\t\t<p class=\"elementor-icon-box-description\">\n\t\t\t\t\t\tIV przegl\u0105d pompy ciep\u0142a\t\t\t\t\t<\/p>\n\t\t\t\t\n\t\t\t<\/div>\n\t\t\t\n\t\t<\/div>\n\t\t\t\t\t\t<\/div>\n\t\t\t\t<\/div>\n\t\t\t\t\t<\/div>\n\t\t<\/div>\n\t\t\t\t\t<\/div>\n\t\t<\/section>\n\t\t\t\t<\/div>","protected":false},"excerpt":{"rendered":"<p>Pierwsze uruchomienie pompy ciep\u0142a Zg\u0142oszenie serwisowe pompy ciep\u0142a I przegl\u0105d pompy ciep\u0142a II przegl\u0105d pompy ciep\u0142a III przegl\u0105d pompy ciep\u0142a IV przegl\u0105d pompy ciep\u0142a<\/p>","protected":false},"author":2,"featured_media":0,"parent":0,"menu_order":0,"comment_status":"closed","ping_status":"closed","template":"elementor_header_footer","meta":{"_acf_changed":false,"footnotes":""},"class_list":["post-8456","page","type-page","status-publish","hentry"],"acf":[],"yoast_head":"<!-- This site is optimized with the Yoast SEO plugin v25.5 - https:\/\/yoast.com\/wordpress\/plugins\/seo\/ -->\n<title>Pompy ciep\u0142a - uruchomienie - serwis - przegl\u0105dy - KIPI<\/title>\n<meta name=\"robots\" content=\"index, follow, max-snippet:-1, max-image-preview:large, max-video-preview:-1\" \/>\n<link rel=\"canonical\" href=\"https:\/\/kipi.pl\/en\/pompy-ciepla-uruchomienie-serwis-przeglady\/\" \/>\n<meta property=\"og:locale\" content=\"en_GB\" \/>\n<meta property=\"og:type\" content=\"article\" \/>\n<meta property=\"og:title\" content=\"Pompy ciep\u0142a - uruchomienie - serwis - przegl\u0105dy - KIPI\" \/>\n<meta property=\"og:description\" content=\"Pierwsze uruchomienie pompy ciep\u0142a Zg\u0142oszenie serwisowe pompy ciep\u0142a I przegl\u0105d pompy ciep\u0142a II przegl\u0105d pompy ciep\u0142a III przegl\u0105d pompy ciep\u0142a IV przegl\u0105d pompy ciep\u0142a\" \/>\n<meta property=\"og:url\" content=\"https:\/\/kipi.pl\/en\/pompy-ciepla-uruchomienie-serwis-przeglady\/\" \/>\n<meta property=\"og:site_name\" content=\"KIPI\" \/>\n<meta property=\"article:modified_time\" content=\"2024-01-31T09:15:45+00:00\" \/>\n<meta name=\"twitter:card\" content=\"summary_large_image\" \/>\n<meta name=\"twitter:label1\" content=\"Estimated reading time\" \/>\n\t<meta name=\"twitter:data1\" content=\"1 minute\" \/>\n<script type=\"application\/ld+json\" class=\"yoast-schema-graph\">{\"@context\":\"https:\/\/schema.org\",\"@graph\":[{\"@type\":\"WebPage\",\"@id\":\"https:\/\/kipi.pl\/pompy-ciepla-uruchomienie-serwis-przeglady\/\",\"url\":\"https:\/\/kipi.pl\/pompy-ciepla-uruchomienie-serwis-przeglady\/\",\"name\":\"Pompy ciep\u0142a - uruchomienie - serwis - przegl\u0105dy - KIPI\",\"isPartOf\":{\"@id\":\"https:\/\/kipi.pl\/#website\"},\"datePublished\":\"2023-02-13T11:10:52+00:00\",\"dateModified\":\"2024-01-31T09:15:45+00:00\",\"breadcrumb\":{\"@id\":\"https:\/\/kipi.pl\/pompy-ciepla-uruchomienie-serwis-przeglady\/#breadcrumb\"},\"inLanguage\":\"en-GB\",\"potentialAction\":[{\"@type\":\"ReadAction\",\"target\":[\"https:\/\/kipi.pl\/pompy-ciepla-uruchomienie-serwis-przeglady\/\"]}]},{\"@type\":\"BreadcrumbList\",\"@id\":\"https:\/\/kipi.pl\/pompy-ciepla-uruchomienie-serwis-przeglady\/#breadcrumb\",\"itemListElement\":[{\"@type\":\"ListItem\",\"position\":1,\"name\":\"Strona g\u0142\u00f3wna\",\"item\":\"https:\/\/kipi.pl\/\"},{\"@type\":\"ListItem\",\"position\":2,\"name\":\"Pompy ciep\u0142a &#8211; uruchomienie &#8211; serwis &#8211; przegl\u0105dy\"}]},{\"@type\":\"WebSite\",\"@id\":\"https:\/\/kipi.pl\/#website\",\"url\":\"https:\/\/kipi.pl\/\",\"name\":\"KIPI\",\"description\":\"Tworzymy innowacyjne palniki na pellet dla ciep\u0142a i komfortu w Twoim domu.\",\"publisher\":{\"@id\":\"https:\/\/kipi.pl\/#organization\"},\"potentialAction\":[{\"@type\":\"SearchAction\",\"target\":{\"@type\":\"EntryPoint\",\"urlTemplate\":\"https:\/\/kipi.pl\/?s={search_term_string}\"},\"query-input\":{\"@type\":\"PropertyValueSpecification\",\"valueRequired\":true,\"valueName\":\"search_term_string\"}}],\"inLanguage\":\"en-GB\"},{\"@type\":\"Organization\",\"@id\":\"https:\/\/kipi.pl\/#organization\",\"name\":\"KIPI\",\"url\":\"https:\/\/kipi.pl\/\",\"logo\":{\"@type\":\"ImageObject\",\"inLanguage\":\"en-GB\",\"@id\":\"https:\/\/kipi.pl\/#\/schema\/logo\/image\/\",\"url\":\"https:\/\/kipi.pl\/wp-content\/uploads\/2020\/02\/logo-kipi-2020-1.png\",\"contentUrl\":\"https:\/\/kipi.pl\/wp-content\/uploads\/2020\/02\/logo-kipi-2020-1.png\",\"width\":300,\"height\":64,\"caption\":\"KIPI\"},\"image\":{\"@id\":\"https:\/\/kipi.pl\/#\/schema\/logo\/image\/\"}}]}<\/script>\n<!-- \/ Yoast SEO plugin. -->","yoast_head_json":{"title":"Pompy ciep\u0142a - uruchomienie - serwis - przegl\u0105dy - KIPI","robots":{"index":"index","follow":"follow","max-snippet":"max-snippet:-1","max-image-preview":"max-image-preview:large","max-video-preview":"max-video-preview:-1"},"canonical":"https:\/\/kipi.pl\/en\/pompy-ciepla-uruchomienie-serwis-przeglady\/","og_locale":"en_GB","og_type":"article","og_title":"Pompy ciep\u0142a - uruchomienie - serwis - przegl\u0105dy - KIPI","og_description":"Pierwsze uruchomienie pompy ciep\u0142a Zg\u0142oszenie serwisowe pompy ciep\u0142a I przegl\u0105d pompy ciep\u0142a II przegl\u0105d pompy ciep\u0142a III przegl\u0105d pompy ciep\u0142a IV przegl\u0105d pompy ciep\u0142a","og_url":"https:\/\/kipi.pl\/en\/pompy-ciepla-uruchomienie-serwis-przeglady\/","og_site_name":"KIPI","article_modified_time":"2024-01-31T09:15:45+00:00","twitter_card":"summary_large_image","twitter_misc":{"Estimated reading time":"1 minute"},"schema":{"@context":"https:\/\/schema.org","@graph":[{"@type":"WebPage","@id":"https:\/\/kipi.pl\/pompy-ciepla-uruchomienie-serwis-przeglady\/","url":"https:\/\/kipi.pl\/pompy-ciepla-uruchomienie-serwis-przeglady\/","name":"Pompy ciep\u0142a - uruchomienie - serwis - przegl\u0105dy - KIPI","isPartOf":{"@id":"https:\/\/kipi.pl\/#website"},"datePublished":"2023-02-13T11:10:52+00:00","dateModified":"2024-01-31T09:15:45+00:00","breadcrumb":{"@id":"https:\/\/kipi.pl\/pompy-ciepla-uruchomienie-serwis-przeglady\/#breadcrumb"},"inLanguage":"en-GB","potentialAction":[{"@type":"ReadAction","target":["https:\/\/kipi.pl\/pompy-ciepla-uruchomienie-serwis-przeglady\/"]}]},{"@type":"BreadcrumbList","@id":"https:\/\/kipi.pl\/pompy-ciepla-uruchomienie-serwis-przeglady\/#breadcrumb","itemListElement":[{"@type":"ListItem","position":1,"name":"Strona g\u0142\u00f3wna","item":"https:\/\/kipi.pl\/"},{"@type":"ListItem","position":2,"name":"Pompy ciep\u0142a &#8211; uruchomienie &#8211; serwis &#8211; przegl\u0105dy"}]},{"@type":"WebSite","@id":"https:\/\/kipi.pl\/#website","url":"https:\/\/kipi.pl\/","name":"KIPI","description":"Tworzymy innowacyjne palniki na pellet dla ciep\u0142a i komfortu w Twoim domu.","publisher":{"@id":"https:\/\/kipi.pl\/#organization"},"potentialAction":[{"@type":"SearchAction","target":{"@type":"EntryPoint","urlTemplate":"https:\/\/kipi.pl\/?s={search_term_string}"},"query-input":{"@type":"PropertyValueSpecification","valueRequired":true,"valueName":"search_term_string"}}],"inLanguage":"en-GB"},{"@type":"Organization","@id":"https:\/\/kipi.pl\/#organization","name":"KIPI","url":"https:\/\/kipi.pl\/","logo":{"@type":"ImageObject","inLanguage":"en-GB","@id":"https:\/\/kipi.pl\/#\/schema\/logo\/image\/","url":"https:\/\/kipi.pl\/wp-content\/uploads\/2020\/02\/logo-kipi-2020-1.png","contentUrl":"https:\/\/kipi.pl\/wp-content\/uploads\/2020\/02\/logo-kipi-2020-1.png","width":300,"height":64,"caption":"KIPI"},"image":{"@id":"https:\/\/kipi.pl\/#\/schema\/logo\/image\/"}}]}},"_links":{"self":[{"href":"https:\/\/kipi.pl\/en\/wp-json\/wp\/v2\/pages\/8456","targetHints":{"allow":["GET"]}}],"collection":[{"href":"https:\/\/kipi.pl\/en\/wp-json\/wp\/v2\/pages"}],"about":[{"href":"https:\/\/kipi.pl\/en\/wp-json\/wp\/v2\/types\/page"}],"author":[{"embeddable":true,"href":"https:\/\/kipi.pl\/en\/wp-json\/wp\/v2\/users\/2"}],"replies":[{"embeddable":true,"href":"https:\/\/kipi.pl\/en\/wp-json\/wp\/v2\/comments?post=8456"}],"version-history":[{"count":0,"href":"https:\/\/kipi.pl\/en\/wp-json\/wp\/v2\/pages\/8456\/revisions"}],"wp:attachment":[{"href":"https:\/\/kipi.pl\/en\/wp-json\/wp\/v2\/media?parent=8456"}],"curies":[{"name":"wp","href":"https:\/\/api.w.org\/{rel}","templated":true}]}}