{"id":932,"date":"2020-02-25T07:48:31","date_gmt":"2020-02-25T06:48:31","guid":{"rendered":"https:\/\/kipi.t44.pl\/?page_id=932"},"modified":"2020-12-10T17:29:07","modified_gmt":"2020-12-10T16:29:07","slug":"palniki-rynnowe","status":"publish","type":"page","link":"https:\/\/kipi.pl\/en\/produkty\/palniki-na-pellet\/palniki-rynnowe\/","title":{"rendered":"Palniki rynnowe"},"content":{"rendered":"<div data-elementor-type=\"wp-page\" data-elementor-id=\"932\" class=\"elementor elementor-932\" data-elementor-post-type=\"page\">\n\t\t\t\t\t\t<section class=\"elementor-section elementor-top-section elementor-element elementor-element-d8b1142 elementor-section-full_width elementor-section-height-default elementor-section-height-default\" data-id=\"d8b1142\" data-element_type=\"section\" data-settings=\"{&quot;jet_parallax_layout_list&quot;:[{&quot;jet_parallax_layout_image&quot;:{&quot;url&quot;:&quot;&quot;,&quot;id&quot;:&quot;&quot;,&quot;size&quot;:&quot;&quot;},&quot;_id&quot;:&quot;d0da7f3&quot;,&quot;jet_parallax_layout_image_tablet&quot;:{&quot;url&quot;:&quot;&quot;,&quot;id&quot;:&quot;&quot;,&quot;size&quot;:&quot;&quot;},&quot;jet_parallax_layout_image_mobile&quot;:{&quot;url&quot;:&quot;&quot;,&quot;id&quot;:&quot;&quot;,&quot;size&quot;:&quot;&quot;},&quot;jet_parallax_layout_speed&quot;:{&quot;unit&quot;:&quot;%&quot;,&quot;size&quot;:50,&quot;sizes&quot;:[]},&quot;jet_parallax_layout_type&quot;:&quot;scroll&quot;,&quot;jet_parallax_layout_direction&quot;:&quot;1&quot;,&quot;jet_parallax_layout_fx_direction&quot;:null,&quot;jet_parallax_layout_z_index&quot;:&quot;&quot;,&quot;jet_parallax_layout_bg_x&quot;:50,&quot;jet_parallax_layout_bg_x_tablet&quot;:&quot;&quot;,&quot;jet_parallax_layout_bg_x_mobile&quot;:&quot;&quot;,&quot;jet_parallax_layout_bg_y&quot;:50,&quot;jet_parallax_layout_bg_y_tablet&quot;:&quot;&quot;,&quot;jet_parallax_layout_bg_y_mobile&quot;:&quot;&quot;,&quot;jet_parallax_layout_bg_size&quot;:&quot;auto&quot;,&quot;jet_parallax_layout_bg_size_tablet&quot;:&quot;&quot;,&quot;jet_parallax_layout_bg_size_mobile&quot;:&quot;&quot;,&quot;jet_parallax_layout_animation_prop&quot;:&quot;transform&quot;,&quot;jet_parallax_layout_on&quot;:[&quot;desktop&quot;,&quot;tablet&quot;]}],&quot;background_background&quot;:&quot;classic&quot;}\">\n\t\t\t\t\t\t<div class=\"elementor-container elementor-column-gap-default\">\n\t\t\t\t\t<div class=\"elementor-column elementor-col-100 elementor-top-column elementor-element elementor-element-1dd85a2\" data-id=\"1dd85a2\" data-element_type=\"column\">\n\t\t\t<div class=\"elementor-widget-wrap elementor-element-populated\">\n\t\t\t\t\t\t<div class=\"elementor-element elementor-element-2a19156 elementor-widget elementor-widget-breadcrumbs\" data-id=\"2a19156\" data-element_type=\"widget\" data-widget_type=\"breadcrumbs.default\">\n\t\t\t\t<div class=\"elementor-widget-container\">\n\t\t\t\t\t<p id=\"breadcrumbs\"><span><span><a href=\"https:\/\/kipi.pl\/en\/\">Home<\/a><\/span><\/span><\/p>\t\t\t\t<\/div>\n\t\t\t\t<\/div>\n\t\t\t\t<div class=\"elementor-element elementor-element-9fb4bca elementor-widget elementor-widget-heading\" data-id=\"9fb4bca\" data-element_type=\"widget\" data-widget_type=\"heading.default\">\n\t\t\t\t<div class=\"elementor-widget-container\">\n\t\t\t\t\t<h2 class=\"elementor-heading-title elementor-size-default\">Palniki rynnowe<\/h2>\t\t\t\t<\/div>\n\t\t\t\t<\/div>\n\t\t\t\t<div class=\"elementor-element elementor-element-2e4b306 elementor-widget elementor-widget-text-editor\" data-id=\"2e4b306\" data-element_type=\"widget\" data-widget_type=\"text-editor.default\">\n\t\t\t\t<div class=\"elementor-widget-container\">\n\t\t\t\t\t\t\t\t\t<p>S\u0105 to urz\u0105dzenia o bardzo prostej konstrukcji pozwalaj\u0105ce w spos\u00f3b efektywny na spalanie pelletu. Pellet b\u0119d\u0105cy produktem w pe\u0142ni ekologicznym \u2013 jest doskona\u0142\u0105 alternatyw\u0105 przede wszystkim do spalanych paliw sta\u0142ych. Obecnie dzia\u0142aj\u0105ce kot\u0142y na paliwa sta\u0142e w wi\u0119kszo\u015bci s\u0105 3 i 4 klasy, z czego 50% wszystkich kot\u0142\u00f3w b\u0119dzie podlega\u0107 modernizacji w wyniku uruchamianych program\u00f3w dofinansowuj\u0105cych ich wymian\u0119.<\/p><p>Palnik rynnowy mo\u017ce by\u0107 wi\u0119c odpowiednim urz\u0105dzeniem modernizacyjnym, dla u\u017cytkownik\u00f3w poszukuj\u0105cych tanich rozwi\u0105za\u0144. \u0141atwa modernizacja i niski koszt urz\u0105dzenia zdecydowanie przemawiaj\u0105 na korzy\u0107 tych urz\u0105dze\u0144. Jednocze\u015bnie podobnie jak palniki obrotowe s\u0105 te\u017c sterowane elektroniczne, pozwalaj\u0105ce odczu\u0107 komfort u\u017cytkowania.<\/p><p>Dzi\u0119ki zapewnieniu \u0142atwego sposobu czyszczenia i demonta\u017cu komory paleniskowej, nie anga\u017cuj\u0105 a\u017c tak bardzo przy bie\u017c\u0105cej eksploatacji.<\/p>\t\t\t\t\t\t\t\t<\/div>\n\t\t\t\t<\/div>\n\t\t\t\t<div class=\"elementor-element elementor-element-8ab512c elementor-grid-4 elementor-posts--thumbnail-top elementor-grid-tablet-2 elementor-grid-mobile-1 elementor-widget elementor-widget-posts\" data-id=\"8ab512c\" data-element_type=\"widget\" data-settings=\"{&quot;custom_columns&quot;:&quot;4&quot;,&quot;custom_columns_tablet&quot;:&quot;2&quot;,&quot;custom_columns_mobile&quot;:&quot;1&quot;,&quot;custom_row_gap&quot;:{&quot;unit&quot;:&quot;px&quot;,&quot;size&quot;:35,&quot;sizes&quot;:[]},&quot;custom_row_gap_tablet&quot;:{&quot;unit&quot;:&quot;px&quot;,&quot;size&quot;:&quot;&quot;,&quot;sizes&quot;:[]},&quot;custom_row_gap_mobile&quot;:{&quot;unit&quot;:&quot;px&quot;,&quot;size&quot;:&quot;&quot;,&quot;sizes&quot;:[]}}\" data-widget_type=\"posts.custom\">\n\t\t\t\t<div class=\"elementor-widget-container\">\n\t\t\t\t\t      <div class=\"ecs-posts elementor-posts-container elementor-posts   elementor-grid elementor-posts--skin-custom\" data-settings=\"{&quot;current_page&quot;:1,&quot;max_num_pages&quot;:0,&quot;load_method&quot;:&quot;&quot;,&quot;widget_id&quot;:&quot;8ab512c&quot;,&quot;post_id&quot;:932,&quot;theme_id&quot;:932,&quot;change_url&quot;:false,&quot;reinit_js&quot;:false}\">\n      <div class=\"elementor-posts-nothing-found\"><\/div>\t\t<\/div>\n\t\t\t\t\t\t<\/div>\n\t\t\t\t<\/div>\n\t\t\t\t\t<\/div>\n\t\t<\/div>\n\t\t\t\t\t<\/div>\n\t\t<\/section>\n\t\t\t\t<\/div>","protected":false},"excerpt":{"rendered":"<p>S\u0105 to urz\u0105dzenia o bardzo prostej konstrukcji pozwalaj\u0105ce w spos\u00f3b efektywny na spalanie pelletu. Pellet b\u0119d\u0105cy produktem w pe\u0142ni ekologicznym \u2013 jest doskona\u0142\u0105 alternatyw\u0105 przede wszystkim do spalanych paliw sta\u0142ych. Obecnie dzia\u0142aj\u0105ce kot\u0142y na paliwa sta\u0142e w wi\u0119kszo\u015bci s\u0105 3 i 4 klasy, z czego 50% wszystkich kot\u0142\u00f3w b\u0119dzie podlega\u0107 modernizacji w wyniku uruchamianych program\u00f3w [&hellip;]<\/p>","protected":false},"author":2,"featured_media":0,"parent":928,"menu_order":0,"comment_status":"closed","ping_status":"closed","template":"elementor_header_footer","meta":{"_acf_changed":false,"footnotes":""},"class_list":["post-932","page","type-page","status-publish","hentry"],"acf":[],"yoast_head":"<!-- This site is optimized with the Yoast SEO plugin v25.5 - https:\/\/yoast.com\/wordpress\/plugins\/seo\/ -->\n<title>Palniki rynnowe - KIPI<\/title>\n<meta name=\"robots\" content=\"index, follow, max-snippet:-1, max-image-preview:large, max-video-preview:-1\" \/>\n<link rel=\"canonical\" href=\"https:\/\/kipi.pl\/en\/produkty\/palniki-na-pellet\/palniki-rynnowe\/\" \/>\n<meta property=\"og:locale\" content=\"en_GB\" \/>\n<meta property=\"og:type\" content=\"article\" \/>\n<meta property=\"og:title\" content=\"Palniki rynnowe - KIPI\" \/>\n<meta property=\"og:description\" content=\"S\u0105 to urz\u0105dzenia o bardzo prostej konstrukcji pozwalaj\u0105ce w spos\u00f3b efektywny na spalanie pelletu. Pellet b\u0119d\u0105cy produktem w pe\u0142ni ekologicznym \u2013 jest doskona\u0142\u0105 alternatyw\u0105 przede wszystkim do spalanych paliw sta\u0142ych. Obecnie dzia\u0142aj\u0105ce kot\u0142y na paliwa sta\u0142e w wi\u0119kszo\u015bci s\u0105 3 i 4 klasy, z czego 50% wszystkich kot\u0142\u00f3w b\u0119dzie podlega\u0107 modernizacji w wyniku uruchamianych program\u00f3w [&hellip;]\" \/>\n<meta property=\"og:url\" content=\"https:\/\/kipi.pl\/en\/produkty\/palniki-na-pellet\/palniki-rynnowe\/\" \/>\n<meta property=\"og:site_name\" content=\"KIPI\" \/>\n<meta property=\"article:modified_time\" content=\"2020-12-10T16:29:07+00:00\" \/>\n<meta name=\"twitter:card\" content=\"summary_large_image\" \/>\n<meta name=\"twitter:label1\" content=\"Estimated reading time\" \/>\n\t<meta name=\"twitter:data1\" content=\"1 minute\" \/>\n<script type=\"application\/ld+json\" class=\"yoast-schema-graph\">{\"@context\":\"https:\/\/schema.org\",\"@graph\":[{\"@type\":\"WebPage\",\"@id\":\"https:\/\/kipi.pl\/produkty\/palniki-na-pellet\/palniki-rynnowe\/\",\"url\":\"https:\/\/kipi.pl\/produkty\/palniki-na-pellet\/palniki-rynnowe\/\",\"name\":\"Palniki rynnowe - KIPI\",\"isPartOf\":{\"@id\":\"https:\/\/kipi.pl\/#website\"},\"datePublished\":\"2020-02-25T06:48:31+00:00\",\"dateModified\":\"2020-12-10T16:29:07+00:00\",\"breadcrumb\":{\"@id\":\"https:\/\/kipi.pl\/produkty\/palniki-na-pellet\/palniki-rynnowe\/#breadcrumb\"},\"inLanguage\":\"en-GB\",\"potentialAction\":[{\"@type\":\"ReadAction\",\"target\":[\"https:\/\/kipi.pl\/produkty\/palniki-na-pellet\/palniki-rynnowe\/\"]}]},{\"@type\":\"BreadcrumbList\",\"@id\":\"https:\/\/kipi.pl\/produkty\/palniki-na-pellet\/palniki-rynnowe\/#breadcrumb\",\"itemListElement\":[{\"@type\":\"ListItem\",\"position\":1,\"name\":\"Strona g\u0142\u00f3wna\",\"item\":\"https:\/\/kipi.pl\/\"},{\"@type\":\"ListItem\",\"position\":2,\"name\":\"Produkty\",\"item\":\"https:\/\/kipi.pl\/produkty\/\"},{\"@type\":\"ListItem\",\"position\":3,\"name\":\"Palniki na pellet\",\"item\":\"https:\/\/kipi.pl\/produkty\/palniki-na-pellet\/\"},{\"@type\":\"ListItem\",\"position\":4,\"name\":\"Palniki rynnowe\"}]},{\"@type\":\"WebSite\",\"@id\":\"https:\/\/kipi.pl\/#website\",\"url\":\"https:\/\/kipi.pl\/\",\"name\":\"KIPI\",\"description\":\"Tworzymy innowacyjne palniki na pellet dla ciep\u0142a i komfortu w Twoim domu.\",\"publisher\":{\"@id\":\"https:\/\/kipi.pl\/#organization\"},\"potentialAction\":[{\"@type\":\"SearchAction\",\"target\":{\"@type\":\"EntryPoint\",\"urlTemplate\":\"https:\/\/kipi.pl\/?s={search_term_string}\"},\"query-input\":{\"@type\":\"PropertyValueSpecification\",\"valueRequired\":true,\"valueName\":\"search_term_string\"}}],\"inLanguage\":\"en-GB\"},{\"@type\":\"Organization\",\"@id\":\"https:\/\/kipi.pl\/#organization\",\"name\":\"KIPI\",\"url\":\"https:\/\/kipi.pl\/\",\"logo\":{\"@type\":\"ImageObject\",\"inLanguage\":\"en-GB\",\"@id\":\"https:\/\/kipi.pl\/#\/schema\/logo\/image\/\",\"url\":\"https:\/\/kipi.pl\/wp-content\/uploads\/2020\/02\/logo-kipi-2020-1.png\",\"contentUrl\":\"https:\/\/kipi.pl\/wp-content\/uploads\/2020\/02\/logo-kipi-2020-1.png\",\"width\":300,\"height\":64,\"caption\":\"KIPI\"},\"image\":{\"@id\":\"https:\/\/kipi.pl\/#\/schema\/logo\/image\/\"}}]}<\/script>\n<!-- \/ Yoast SEO plugin. -->","yoast_head_json":{"title":"Palniki rynnowe - KIPI","robots":{"index":"index","follow":"follow","max-snippet":"max-snippet:-1","max-image-preview":"max-image-preview:large","max-video-preview":"max-video-preview:-1"},"canonical":"https:\/\/kipi.pl\/en\/produkty\/palniki-na-pellet\/palniki-rynnowe\/","og_locale":"en_GB","og_type":"article","og_title":"Palniki rynnowe - KIPI","og_description":"S\u0105 to urz\u0105dzenia o bardzo prostej konstrukcji pozwalaj\u0105ce w spos\u00f3b efektywny na spalanie pelletu. Pellet b\u0119d\u0105cy produktem w pe\u0142ni ekologicznym \u2013 jest doskona\u0142\u0105 alternatyw\u0105 przede wszystkim do spalanych paliw sta\u0142ych. Obecnie dzia\u0142aj\u0105ce kot\u0142y na paliwa sta\u0142e w wi\u0119kszo\u015bci s\u0105 3 i 4 klasy, z czego 50% wszystkich kot\u0142\u00f3w b\u0119dzie podlega\u0107 modernizacji w wyniku uruchamianych program\u00f3w [&hellip;]","og_url":"https:\/\/kipi.pl\/en\/produkty\/palniki-na-pellet\/palniki-rynnowe\/","og_site_name":"KIPI","article_modified_time":"2020-12-10T16:29:07+00:00","twitter_card":"summary_large_image","twitter_misc":{"Estimated reading time":"1 minute"},"schema":{"@context":"https:\/\/schema.org","@graph":[{"@type":"WebPage","@id":"https:\/\/kipi.pl\/produkty\/palniki-na-pellet\/palniki-rynnowe\/","url":"https:\/\/kipi.pl\/produkty\/palniki-na-pellet\/palniki-rynnowe\/","name":"Palniki rynnowe - KIPI","isPartOf":{"@id":"https:\/\/kipi.pl\/#website"},"datePublished":"2020-02-25T06:48:31+00:00","dateModified":"2020-12-10T16:29:07+00:00","breadcrumb":{"@id":"https:\/\/kipi.pl\/produkty\/palniki-na-pellet\/palniki-rynnowe\/#breadcrumb"},"inLanguage":"en-GB","potentialAction":[{"@type":"ReadAction","target":["https:\/\/kipi.pl\/produkty\/palniki-na-pellet\/palniki-rynnowe\/"]}]},{"@type":"BreadcrumbList","@id":"https:\/\/kipi.pl\/produkty\/palniki-na-pellet\/palniki-rynnowe\/#breadcrumb","itemListElement":[{"@type":"ListItem","position":1,"name":"Strona g\u0142\u00f3wna","item":"https:\/\/kipi.pl\/"},{"@type":"ListItem","position":2,"name":"Produkty","item":"https:\/\/kipi.pl\/produkty\/"},{"@type":"ListItem","position":3,"name":"Palniki na pellet","item":"https:\/\/kipi.pl\/produkty\/palniki-na-pellet\/"},{"@type":"ListItem","position":4,"name":"Palniki rynnowe"}]},{"@type":"WebSite","@id":"https:\/\/kipi.pl\/#website","url":"https:\/\/kipi.pl\/","name":"KIPI","description":"Tworzymy innowacyjne palniki na pellet dla ciep\u0142a i komfortu w Twoim domu.","publisher":{"@id":"https:\/\/kipi.pl\/#organization"},"potentialAction":[{"@type":"SearchAction","target":{"@type":"EntryPoint","urlTemplate":"https:\/\/kipi.pl\/?s={search_term_string}"},"query-input":{"@type":"PropertyValueSpecification","valueRequired":true,"valueName":"search_term_string"}}],"inLanguage":"en-GB"},{"@type":"Organization","@id":"https:\/\/kipi.pl\/#organization","name":"KIPI","url":"https:\/\/kipi.pl\/","logo":{"@type":"ImageObject","inLanguage":"en-GB","@id":"https:\/\/kipi.pl\/#\/schema\/logo\/image\/","url":"https:\/\/kipi.pl\/wp-content\/uploads\/2020\/02\/logo-kipi-2020-1.png","contentUrl":"https:\/\/kipi.pl\/wp-content\/uploads\/2020\/02\/logo-kipi-2020-1.png","width":300,"height":64,"caption":"KIPI"},"image":{"@id":"https:\/\/kipi.pl\/#\/schema\/logo\/image\/"}}]}},"_links":{"self":[{"href":"https:\/\/kipi.pl\/en\/wp-json\/wp\/v2\/pages\/932","targetHints":{"allow":["GET"]}}],"collection":[{"href":"https:\/\/kipi.pl\/en\/wp-json\/wp\/v2\/pages"}],"about":[{"href":"https:\/\/kipi.pl\/en\/wp-json\/wp\/v2\/types\/page"}],"author":[{"embeddable":true,"href":"https:\/\/kipi.pl\/en\/wp-json\/wp\/v2\/users\/2"}],"replies":[{"embeddable":true,"href":"https:\/\/kipi.pl\/en\/wp-json\/wp\/v2\/comments?post=932"}],"version-history":[{"count":0,"href":"https:\/\/kipi.pl\/en\/wp-json\/wp\/v2\/pages\/932\/revisions"}],"up":[{"embeddable":true,"href":"https:\/\/kipi.pl\/en\/wp-json\/wp\/v2\/pages\/928"}],"wp:attachment":[{"href":"https:\/\/kipi.pl\/en\/wp-json\/wp\/v2\/media?parent=932"}],"curies":[{"name":"wp","href":"https:\/\/api.w.org\/{rel}","templated":true}]}}